{"id":12402,"date":"2026-01-19T15:03:44","date_gmt":"2026-01-19T13:03:44","guid":{"rendered":"https:\/\/3belazirc.hu\/wp\/?page_id=12402"},"modified":"2026-01-20T08:51:28","modified_gmt":"2026-01-20T06:51:28","slug":"kozponti-irasbeli-vizsga-tajekoztato-anyagai-2","status":"publish","type":"page","link":"https:\/\/3belazirc.hu\/wp\/kozponti-irasbeli-vizsga-tajekoztato-anyagai-2\/","title":{"rendered":"K\u00f6zponti \u00edr\u00e1sbeli vizsga t\u00e1j\u00e9koztat\u00f3 anyagai"},"content":{"rendered":"<p><strong>Felv\u00e9teli t\u00e1j\u00e9koztat\u00f3 a k\u00f6zponti \u00edr\u00e1sbeli vizsg\u00e1r\u00f3l<\/strong><\/p>\n<p>A felv\u00e9teli vizsg\u00e1t a 20\/2012. (VII. 31.) EMMI rendelet \u00e9s a 30\/2021. (XI. 23.) EMMI hat\u00e1rozata szab\u00e1lyozza.<\/p>\n<p>A k\u00f6zponti \u00edr\u00e1sbeli vizsga 2026. janu\u00e1r 24-\u00e9n (szombaton) 10 \u00f3rai kezdettel ker\u00fcl megrendez\u00e9sre, k\u00e9tszer 45 percben, 15 perc sz\u00fcnettel.<\/p>\n<p><u>A vizsg\u00e1z\u00f3knak legk\u00e9s\u0151bb 9.30-kor kell megjelenni\u00fck a vizsga helysz\u00edn\u00e9n. A vizsg\u00e1ra \u00edr\u00f3- \u00e9s szerkeszt\u0151 eszk\u00f6z\u00f6ket (toll, tartal\u00e9k toll, ceruza, k\u00f6rz\u0151, vonalz\u00f3, sz\u00f6gm\u00e9r\u0151), valamint arck\u00e9pes igazolv\u00e1nyt (szem\u00e9lyi igazolv\u00e1ny, \u00fatlev\u00e9l vagy di\u00e1kigazolv\u00e1ny) kell hozni! <\/u><\/p>\n<p>K\u00e9rj\u00fck a vizsg\u00e1ra \u00e9rkez\u0151 tanul\u00f3kat, hogy a dolgozat \u00edr\u00e1sa el\u0151tt adj\u00e1k meg gondvisel\u0151j\u00fcknek el\u00e9rhet\u0151s\u00e9geit (e-mail, telefon) a teremben l\u00e9v\u0151 jelenl\u00e9ti lapon k\u00e9s\u0151bbi \u00fcgyint\u00e9z\u00e9s c\u00e9lj\u00e1b\u00f3l. A szem\u00e9lyes adatokat az adatv\u00e9delmi szab\u00e1lyok betart\u00e1s\u00e1val kezelj\u00fck, az elj\u00e1r\u00e1s ut\u00e1n megsemmis\u00edtj\u00fck azokat.<\/p>\n<p>A vizsgaterembe csak a sz\u00fcks\u00e9ges eszk\u00f6z\u00f6ket szabad bevinni. Mobiltelefon, okos\u00f3ra\/kark\u00f6t\u0151t m\u00e9g kikapcsolt \u00e1llapotban sem lehet a vizsga sor\u00e1n a vizsg\u00e1z\u00f3kn\u00e1l.<\/p>\n<p>A vizsgatermekbe \u00e9s a folyos\u00f3kra csak az oda beosztott vizsg\u00e1z\u00f3k \u00e9s a fel\u00fcgyel\u0151 tan\u00e1rok l\u00e9phetnek be, valamint azok, akiknek ezt az iskola igazgat\u00f3ja k\u00fcl\u00f6n enged\u00e9lyezte. A sz\u00fcl\u0151k \u00e9s a k\u00eds\u00e9r\u0151k nem l\u00e9phetnek be az iskola \u00e9p\u00fclet\u00e9be (rossz id\u0151 eset\u00e9n a v\u00e1rakoz\u00f3k az iskola f\u00f6ldszinti zsibong\u00f3j\u00e1ban tart\u00f3zkodhatnak 10 \u00f3r\u00e1t\u00f3l).<\/p>\n<p>A vizsgateremben a vizsg\u00e1z\u00f3k a kijel\u00f6lt \u00fcl\u0151helyeket az \u00e9rkez\u00e9s sorrendj\u00e9ben foglalhatj\u00e1k el. A vizsga kezdetekor a fel\u00fcgyel\u0151 tan\u00e1r meg\u00e1llap\u00edtja a jelenl\u00e9v\u0151k szem\u00e9lyazonoss\u00e1g\u00e1t.<\/p>\n<p>A vizsg\u00e1z\u00f3knak a feladat elk\u00e9sz\u00edt\u00e9s\u00e9hez \u00fatbaigaz\u00edt\u00e1s, seg\u00edts\u00e9g nem adhat\u00f3. Csak a feladatlapokon lehet dolgozni. A rajzokat ceruz\u00e1val, minden egy\u00e9b \u00edr\u00e1sbeli munk\u00e1t k\u00e9k vagy fekete tint\u00e1val (tollal) kell elk\u00e9sz\u00edteni. Zsebsz\u00e1mol\u00f3g\u00e9pet nem szabad haszn\u00e1lni. (Kiv\u00e9ve azok a tanul\u00f3k, akiknek az igazgat\u00f3 hat\u00e1rozatban enged\u00e9lyezte seg\u00e9deszk\u00f6z haszn\u00e1lat\u00e1t.) Hibajav\u00edt\u00f3 nem haszn\u00e1lhat\u00f3.<\/p>\n<p>A vizsga nem ism\u00e9telhet\u0151. P\u00f3tl\u00f3 \u00edr\u00e1sbeli vizsg\u00e1t azok a tanul\u00f3k tehetnek, akik a vizsg\u00e1n alapos ok miatt nem tudtak r\u00e9szt venni. K\u00e9rj\u00fck, hogy aki nem tud r\u00e9szt venni a vizsg\u00e1n, az iskola telefonsz\u00e1m\u00e1n (88\/414-449, vagy +36\/30\/8113176) jelezze ezt! A p\u00f3tl\u00f3 vizsga id\u0151pontja: 2026. febru\u00e1r 3. (kedd) 14 \u00f3ra.<\/p>\n<p>Az \u00edr\u00e1sbeli vizsga ki\u00e9rt\u00e9kelt dolgozatait a vizsg\u00e1z\u00f3 \u00e9s sz\u00fcl\u0151je az iskola k\u00e9pvisel\u0151j\u00e9nek jelenl\u00e9t\u00e9ben, 2026. janu\u00e1r 29-\u00e9n 8<u><sup>00<\/sup><\/u>-16<u><sup>00<\/sup><\/u> megtekintheti, azokr\u00f3l k\u00e9zzel vagy elektronikus \u00faton m\u00e1solatot k\u00e9sz\u00edthet, \u00e9s \u2013 kiz\u00e1r\u00f3lag a hivatalos jav\u00edt\u00e1si- \u00e9rt\u00e9kel\u00e9si \u00fatmutat\u00f3t\u00f3l elt\u00e9r\u0151 \u00e9rt\u00e9kel\u00e9s eset\u00e9n \u2013 az \u00e9rt\u00e9kel\u00e9sre \u00e9szrev\u00e9telt tehet a betekint\u00e9st k\u00f6vet\u0151 munkanap 16<u><sup>00<\/sup><\/u> \u00f3r\u00e1ig. Az \u00e9szrev\u00e9telre az iskola h\u00e1rom munkanapon bel\u00fcl hat\u00e1rozat form\u00e1j\u00e1ban v\u00e1laszt ad. Az \u00e9rkez\u0151k (maximum 12 f\u0151) a 01. teremben tekinthetik meg \u00e9s f\u00e9nyk\u00e9pezhetik le telefonon a dolgozatokat. A megtekint\u00e9s maxim\u00e1lis id\u0151tartama 15 perc. A dolgozatokat csak 1 f\u0151 (gondvisel\u0151, vagy az \u00e9rintett di\u00e1k) tekintheti meg.<\/p>\n<p>Az \u00e9rt\u00e9kel\u0151 lapok \u00e1tad\u00e1sa: 2026. febru\u00e1r 11-12. 8<u><sup>00<\/sup><\/u>-15<u><sup>00<\/sup><\/u> az iskola titk\u00e1rs\u00e1g\u00e1n szem\u00e9lyes \u00e1tv\u00e9tellel t\u00f6rt\u00e9nik. Az \u00e9rt\u00e9kel\u00e9si lapot a tanul\u00f3, vagy sz\u00fcl\u0151je, vagy \u00edr\u00e1sbeli meghatalmazottja veheti \u00e1t.<\/p>\n<p>B\u0151vebb inform\u00e1ci\u00f3kat az OH honlapj\u00e1n tal\u00e1lnak:<br \/>\n<a href=\"https:\/\/www.oktatas.hu\/pub_bin\/dload\/kozoktatas\/beiskolazas\/tajekoztatok\/KIFIR_kiadvany_teljes_2025_2026.pdf\">https:\/\/www.oktatas.hu\/pub_bin\/dload\/kozoktatas\/beiskolazas\/tajekoztatok\/KIFIR_kiadvany_teljes_2025_2026.pdf<\/a><\/p>\n<p><a href=\"https:\/\/3belazirc.hu\/wp\/wp-content\/uploads\/2026\/01\/Felveteli_tajekoztato_a_kozponti_irasbeli_vizsgarol.pdf\">Felv\u00e9teli t\u00e1j\u00e9koztat\u00f3 a k\u00f6zponti \u00edr\u00e1sbeli vizsg\u00e1r\u00f3l<\/a><\/p>\n<p>Zirc, 2025. december 8.<\/p>\n<p><strong>Bal\u00e1zsn\u00e9 Gy\u00f6rek Zsuzsanna<\/strong><br \/>\n<em>f\u0151igazgat\u00f3<\/em><\/p>\n<hr \/>\n<p>&nbsp;<\/p>\n<p><strong>Tudnival\u00f3k a k\u00f6zponti \u00edr\u00e1sbeli felv\u00e9teli vizsg\u00e1r\u00f3l<\/strong><\/p>\n<p><strong>(szem\u00e9lyigazolv\u00e1ny, vagy di\u00e1kigazolv\u00e1ny ellen\u0151rz\u00e9s\u00e9vel kezd\u00fcnk)<\/strong><\/p>\n<p><strong>\u00a0<\/strong><\/p>\n<p><strong>Kedves Vizsg\u00e1z\u00f3k! <\/strong><\/p>\n<p>Szeretettel k\u00f6sz\u00f6ntelek benneteket a k\u00f6zponti felv\u00e9teli vizsg\u00e1n.<\/p>\n<p>A vizsga 10 \u00f3rakor kezd\u0151dik a magyar nyelvvel \u00e9s 45 percig tart. Ezut\u00e1n egy 15 perces sz\u00fcnetet tartunk. A vizsga m\u00e1sodik r\u00e9sze 11 \u00f3rakor, a matematika feladatlap kit\u00f6lt\u00e9s\u00e9vel folytat\u00f3dik.<\/p>\n<p>A rajzokat ceruz\u00e1val, minden egy\u00e9b \u00edr\u00e1sbeli munk\u00e1t <strong>k\u00e9k vagy fekete<\/strong> sz\u00edn\u0171 tollal kell elk\u00e9sz\u00edteni! A matematika feladatlapok kit\u00f6lt\u00e9s\u00e9hez a rajzeszk\u00f6z\u00f6k\u00f6n k\u00edv\u00fcl (vonalz\u00f3, k\u00f6rz\u0151, sz\u00f6gm\u00e9r\u0151) m\u00e1s seg\u00e9deszk\u00f6z (pl. sz\u00e1mol\u00f3g\u00e9p) nem haszn\u00e1lhat\u00f3! (Kiv\u00e9ve azok a tanul\u00f3k, akiknek az int\u00e9zm\u00e9nyvezet\u0151 hat\u00e1rozatban enged\u00e9lyezte a seg\u00e9deszk\u00f6z haszn\u00e1lat\u00e1t.) Mobiltelefon, okos\u00f3ra, okoskark\u00f6t\u0151 m\u00e9g kikapcsolt \u00e1llapotban sem lehet a vizsga sor\u00e1n a vizsg\u00e1z\u00f3kn\u00e1l! Az <strong>azonos\u00edt\u00e1shoz sz\u00fcks\u00e9ges adatokat<\/strong> (tanul\u00f3 neve, sz\u00fclet\u00e9si ideje) a feladatlapra r\u00e1 kell <strong>\u00edrnotok nyomtatott nagybet\u0171vel <\/strong>(az olvashat\u00f3s\u00e1g miatt)<strong>!<\/strong><\/p>\n<p>10.45-kor beszed\u00e9sre ker\u00fcl a magyar dolgozat, 11.45-kor pedig a matematika dolgozat.<br \/>\nAz id\u0151hosszabb\u00edt\u00e1ssal rendelkez\u0151 tanul\u00f3k a magyar feladatlapot 10:55-kor, a matematika feladatlapot 12:05-kor adj\u00e1k be.<\/p>\n<p>A ki\u00e9rt\u00e9kelt dolgozatok megtekint\u00e9s\u00e9re <strong>2026. janu\u00e1r 29. 8-16<\/strong> \u00f3ra k\u00f6z\u00f6tt ker\u00fcl sor. A dolgozatokr\u00f3l k\u00e9zzel vagy elektronikus \u00faton (telefonon bef\u00e9nyk\u00e9pezve) m\u00e1solatot tudtok k\u00e9sz\u00edteni, \u00e9s \u2013 kiz\u00e1r\u00f3lag a hivatalos jav\u00edt\u00e1si- \u00e9rt\u00e9kel\u00e9si \u00fatmutat\u00f3t\u00f3l elt\u00e9r\u0151 \u00e9rt\u00e9kel\u00e9s eset\u00e9n \u2013 az \u00e9rt\u00e9kel\u00e9sre \u00e9szrev\u00e9telt lehet tenni. Az \u00e9szrev\u00e9tel a megtekint\u00e9s ut\u00e1n az els\u0151 munkanap v\u00e9g\u00e9ig, 16 \u00f3r\u00e1ig <strong>\u00edr\u00e1sban<\/strong> ny\u00fajthat\u00f3 be.<\/p>\n<p>A felv\u00e9teli vizsga feladatlapjai \u00e9s a jav\u00edt\u00e1si-\u00e9rt\u00e9kel\u00e9si \u00fatmutat\u00f3k a vizsg\u00e1t k\u00f6vet\u0151en az <a href=\"http:\/\/www.oktatas.hu\">www.oktatas.hu<\/a> honlapon megtekinthet\u0151k.<\/p>\n<p>A felv\u00e9teli eredm\u00e9ny\u00e9t k\u00f6zl\u0151 \u00c9rt\u00e9kel\u00e9si lapot itt az iskol\u00e1ban, a titk\u00e1rs\u00e1gon vehetitek \u00e1t <strong>2026. febru\u00e1r 11-\u00e9n vagy \u00a012-\u00e9n 8-15 \u00f3ra k\u00f6z\u00f6tt<\/strong>. Az \u00c9rt\u00e9kel\u00e9si lap \u00e1tv\u00e9tel\u00e9t szem\u00e9lyesen, ti tehetitek meg, vagy sz\u00fcleitek, vagy egy \u00edr\u00e1sbeli meghatalmaz\u00e1ssal rendelkez\u0151 szem\u00e9ly.<\/p>\n<p>Mindenkinek j\u00f3 munk\u00e1t k\u00edv\u00e1nok!<\/p>\n<p>2026. janu\u00e1r 24.<\/p>\n<p><strong>Bal\u00e1zsn\u00e9 Gy\u00f6rek Zsuzsanna<br \/>\n<\/strong><em>f\u0151igazgat\u00f3<\/em><\/p>\n","protected":false},"excerpt":{"rendered":"<p>Felv\u00e9teli t\u00e1j\u00e9koztat\u00f3 a k\u00f6zponti \u00edr\u00e1sbeli vizsg\u00e1r\u00f3l A felv\u00e9teli vizsg\u00e1t a 20\/2012. (VII. 31.) EMMI rendelet \u00e9s a 30\/2021. (XI. 23.) EMMI hat\u00e1rozata szab\u00e1lyozza. A k\u00f6zponti \u00edr\u00e1sbeli vizsga 2026. janu\u00e1r 24-\u00e9n (szombaton) 10 \u00f3rai kezdettel ker\u00fcl megrendez\u00e9sre, k\u00e9tszer 45 percben, 15 perc sz\u00fcnettel. A vizsg\u00e1z\u00f3knak legk\u00e9s\u0151bb 9.30-kor kell megjelenni\u00fck a vizsga helysz\u00edn\u00e9n. A vizsg\u00e1ra \u00edr\u00f3- \u00e9s&#8230;<\/p>\n","protected":false},"author":1,"featured_media":0,"parent":0,"menu_order":0,"comment_status":"closed","ping_status":"closed","template":"","meta":{"_crdt_document":"","footnotes":""},"class_list":["post-12402","page","type-page","status-publish","hentry"],"yoast_head":"<!-- This site is optimized with the Yoast SEO plugin v27.4 - https:\/\/yoast.com\/product\/yoast-seo-wordpress\/ -->\n<title>K\u00f6zponti \u00edr\u00e1sbeli vizsga t\u00e1j\u00e9koztat\u00f3 anyagai - III. B\u00e9la Gimn\u00e1zium, M\u0171v\u00e9szeti Szakgimn\u00e1zium \u00e9s Alapfok\u00fa M\u0171v\u00e9szeti Iskola<\/title>\n<meta name=\"robots\" content=\"index, follow, max-snippet:-1, max-image-preview:large, max-video-preview:-1\" \/>\n<link rel=\"canonical\" href=\"https:\/\/3belazirc.hu\/wp\/kozponti-irasbeli-vizsga-tajekoztato-anyagai-2\/\" \/>\n<meta property=\"og:locale\" content=\"hu_HU\" \/>\n<meta property=\"og:type\" content=\"article\" \/>\n<meta property=\"og:title\" content=\"K\u00f6zponti \u00edr\u00e1sbeli vizsga t\u00e1j\u00e9koztat\u00f3 anyagai - III. B\u00e9la Gimn\u00e1zium, M\u0171v\u00e9szeti Szakgimn\u00e1zium \u00e9s Alapfok\u00fa M\u0171v\u00e9szeti Iskola\" \/>\n<meta property=\"og:description\" content=\"Felv\u00e9teli t\u00e1j\u00e9koztat\u00f3 a k\u00f6zponti \u00edr\u00e1sbeli vizsg\u00e1r\u00f3l A felv\u00e9teli vizsg\u00e1t a 20\/2012. (VII. 31.) EMMI rendelet \u00e9s a 30\/2021. (XI. 23.) EMMI hat\u00e1rozata szab\u00e1lyozza. A k\u00f6zponti \u00edr\u00e1sbeli vizsga 2026. janu\u00e1r 24-\u00e9n (szombaton) 10 \u00f3rai kezdettel ker\u00fcl megrendez\u00e9sre, k\u00e9tszer 45 percben, 15 perc sz\u00fcnettel. A vizsg\u00e1z\u00f3knak legk\u00e9s\u0151bb 9.30-kor kell megjelenni\u00fck a vizsga helysz\u00edn\u00e9n. A vizsg\u00e1ra \u00edr\u00f3- \u00e9s...\" \/>\n<meta property=\"og:url\" content=\"https:\/\/3belazirc.hu\/wp\/kozponti-irasbeli-vizsga-tajekoztato-anyagai-2\/\" \/>\n<meta property=\"og:site_name\" content=\"III. B\u00e9la Gimn\u00e1zium, M\u0171v\u00e9szeti Szakgimn\u00e1zium \u00e9s Alapfok\u00fa M\u0171v\u00e9szeti Iskola\" \/>\n<meta property=\"article:publisher\" content=\"https:\/\/www.facebook.com\/3belazirc\/\" \/>\n<meta property=\"article:modified_time\" content=\"2026-01-20T06:51:28+00:00\" \/>\n<meta name=\"twitter:card\" content=\"summary_large_image\" \/>\n<meta name=\"twitter:label1\" content=\"Becs\u00fclt olvas\u00e1si id\u0151\" \/>\n\t<meta name=\"twitter:data1\" content=\"4 perc\" \/>\n<script type=\"application\/ld+json\" class=\"yoast-schema-graph\">{\"@context\":\"https:\\\/\\\/schema.org\",\"@graph\":[{\"@type\":\"WebPage\",\"@id\":\"https:\\\/\\\/3belazirc.hu\\\/wp\\\/kozponti-irasbeli-vizsga-tajekoztato-anyagai-2\\\/\",\"url\":\"https:\\\/\\\/3belazirc.hu\\\/wp\\\/kozponti-irasbeli-vizsga-tajekoztato-anyagai-2\\\/\",\"name\":\"K\u00f6zponti \u00edr\u00e1sbeli vizsga t\u00e1j\u00e9koztat\u00f3 anyagai - III. B\u00e9la Gimn\u00e1zium, M\u0171v\u00e9szeti Szakgimn\u00e1zium \u00e9s Alapfok\u00fa M\u0171v\u00e9szeti Iskola\",\"isPartOf\":{\"@id\":\"https:\\\/\\\/3belazirc.hu\\\/wp\\\/#website\"},\"datePublished\":\"2026-01-19T13:03:44+00:00\",\"dateModified\":\"2026-01-20T06:51:28+00:00\",\"breadcrumb\":{\"@id\":\"https:\\\/\\\/3belazirc.hu\\\/wp\\\/kozponti-irasbeli-vizsga-tajekoztato-anyagai-2\\\/#breadcrumb\"},\"inLanguage\":\"hu\",\"potentialAction\":[{\"@type\":\"ReadAction\",\"target\":[\"https:\\\/\\\/3belazirc.hu\\\/wp\\\/kozponti-irasbeli-vizsga-tajekoztato-anyagai-2\\\/\"]}]},{\"@type\":\"BreadcrumbList\",\"@id\":\"https:\\\/\\\/3belazirc.hu\\\/wp\\\/kozponti-irasbeli-vizsga-tajekoztato-anyagai-2\\\/#breadcrumb\",\"itemListElement\":[{\"@type\":\"ListItem\",\"position\":1,\"name\":\"Home\",\"item\":\"https:\\\/\\\/3belazirc.hu\\\/wp\\\/\"},{\"@type\":\"ListItem\",\"position\":2,\"name\":\"K\u00f6zponti \u00edr\u00e1sbeli vizsga t\u00e1j\u00e9koztat\u00f3 anyagai\"}]},{\"@type\":\"WebSite\",\"@id\":\"https:\\\/\\\/3belazirc.hu\\\/wp\\\/#website\",\"url\":\"https:\\\/\\\/3belazirc.hu\\\/wp\\\/\",\"name\":\"III. B\u00e9la Gimn\u00e1zium, M\u0171v\u00e9szeti Szakgimn\u00e1zium \u00e9s AMI\",\"description\":\"8420, Zirc K\u00f6zt\u00e1rsas\u00e1g utca 9. | tel: 88\\\/414-449 | mobil: 06-30-811-3176 | email: 3bela@bela-zirc.edu.hu | www.facebook.com\\\/iiibelazirc www.facebook.com\\\/zircizeneiskola\",\"potentialAction\":[{\"@type\":\"SearchAction\",\"target\":{\"@type\":\"EntryPoint\",\"urlTemplate\":\"https:\\\/\\\/3belazirc.hu\\\/wp\\\/?s={search_term_string}\"},\"query-input\":{\"@type\":\"PropertyValueSpecification\",\"valueRequired\":true,\"valueName\":\"search_term_string\"}}],\"inLanguage\":\"hu\"}]}<\/script>\n<!-- \/ Yoast SEO plugin. -->","yoast_head_json":{"title":"K\u00f6zponti \u00edr\u00e1sbeli vizsga t\u00e1j\u00e9koztat\u00f3 anyagai - III. B\u00e9la Gimn\u00e1zium, M\u0171v\u00e9szeti Szakgimn\u00e1zium \u00e9s Alapfok\u00fa M\u0171v\u00e9szeti Iskola","robots":{"index":"index","follow":"follow","max-snippet":"max-snippet:-1","max-image-preview":"max-image-preview:large","max-video-preview":"max-video-preview:-1"},"canonical":"https:\/\/3belazirc.hu\/wp\/kozponti-irasbeli-vizsga-tajekoztato-anyagai-2\/","og_locale":"hu_HU","og_type":"article","og_title":"K\u00f6zponti \u00edr\u00e1sbeli vizsga t\u00e1j\u00e9koztat\u00f3 anyagai - III. B\u00e9la Gimn\u00e1zium, M\u0171v\u00e9szeti Szakgimn\u00e1zium \u00e9s Alapfok\u00fa M\u0171v\u00e9szeti Iskola","og_description":"Felv\u00e9teli t\u00e1j\u00e9koztat\u00f3 a k\u00f6zponti \u00edr\u00e1sbeli vizsg\u00e1r\u00f3l A felv\u00e9teli vizsg\u00e1t a 20\/2012. (VII. 31.) EMMI rendelet \u00e9s a 30\/2021. (XI. 23.) EMMI hat\u00e1rozata szab\u00e1lyozza. A k\u00f6zponti \u00edr\u00e1sbeli vizsga 2026. janu\u00e1r 24-\u00e9n (szombaton) 10 \u00f3rai kezdettel ker\u00fcl megrendez\u00e9sre, k\u00e9tszer 45 percben, 15 perc sz\u00fcnettel. A vizsg\u00e1z\u00f3knak legk\u00e9s\u0151bb 9.30-kor kell megjelenni\u00fck a vizsga helysz\u00edn\u00e9n. A vizsg\u00e1ra \u00edr\u00f3- \u00e9s...","og_url":"https:\/\/3belazirc.hu\/wp\/kozponti-irasbeli-vizsga-tajekoztato-anyagai-2\/","og_site_name":"III. B\u00e9la Gimn\u00e1zium, M\u0171v\u00e9szeti Szakgimn\u00e1zium \u00e9s Alapfok\u00fa M\u0171v\u00e9szeti Iskola","article_publisher":"https:\/\/www.facebook.com\/3belazirc\/","article_modified_time":"2026-01-20T06:51:28+00:00","twitter_card":"summary_large_image","twitter_misc":{"Becs\u00fclt olvas\u00e1si id\u0151":"4 perc"},"schema":{"@context":"https:\/\/schema.org","@graph":[{"@type":"WebPage","@id":"https:\/\/3belazirc.hu\/wp\/kozponti-irasbeli-vizsga-tajekoztato-anyagai-2\/","url":"https:\/\/3belazirc.hu\/wp\/kozponti-irasbeli-vizsga-tajekoztato-anyagai-2\/","name":"K\u00f6zponti \u00edr\u00e1sbeli vizsga t\u00e1j\u00e9koztat\u00f3 anyagai - III. B\u00e9la Gimn\u00e1zium, M\u0171v\u00e9szeti Szakgimn\u00e1zium \u00e9s Alapfok\u00fa M\u0171v\u00e9szeti Iskola","isPartOf":{"@id":"https:\/\/3belazirc.hu\/wp\/#website"},"datePublished":"2026-01-19T13:03:44+00:00","dateModified":"2026-01-20T06:51:28+00:00","breadcrumb":{"@id":"https:\/\/3belazirc.hu\/wp\/kozponti-irasbeli-vizsga-tajekoztato-anyagai-2\/#breadcrumb"},"inLanguage":"hu","potentialAction":[{"@type":"ReadAction","target":["https:\/\/3belazirc.hu\/wp\/kozponti-irasbeli-vizsga-tajekoztato-anyagai-2\/"]}]},{"@type":"BreadcrumbList","@id":"https:\/\/3belazirc.hu\/wp\/kozponti-irasbeli-vizsga-tajekoztato-anyagai-2\/#breadcrumb","itemListElement":[{"@type":"ListItem","position":1,"name":"Home","item":"https:\/\/3belazirc.hu\/wp\/"},{"@type":"ListItem","position":2,"name":"K\u00f6zponti \u00edr\u00e1sbeli vizsga t\u00e1j\u00e9koztat\u00f3 anyagai"}]},{"@type":"WebSite","@id":"https:\/\/3belazirc.hu\/wp\/#website","url":"https:\/\/3belazirc.hu\/wp\/","name":"III. B\u00e9la Gimn\u00e1zium, M\u0171v\u00e9szeti Szakgimn\u00e1zium \u00e9s AMI","description":"8420, Zirc K\u00f6zt\u00e1rsas\u00e1g utca 9. | tel: 88\/414-449 | mobil: 06-30-811-3176 | email: 3bela@bela-zirc.edu.hu | www.facebook.com\/iiibelazirc www.facebook.com\/zircizeneiskola","potentialAction":[{"@type":"SearchAction","target":{"@type":"EntryPoint","urlTemplate":"https:\/\/3belazirc.hu\/wp\/?s={search_term_string}"},"query-input":{"@type":"PropertyValueSpecification","valueRequired":true,"valueName":"search_term_string"}}],"inLanguage":"hu"}]}},"publishpress_future_action":{"enabled":false,"date":"2026-05-02 16:10:14","action":"change-status","newStatus":"draft","terms":[],"taxonomy":"","extraData":[]},"publishpress_future_workflow_manual_trigger":{"enabledWorkflows":[]},"_links":{"self":[{"href":"https:\/\/3belazirc.hu\/wp\/wp-json\/wp\/v2\/pages\/12402","targetHints":{"allow":["GET"]}}],"collection":[{"href":"https:\/\/3belazirc.hu\/wp\/wp-json\/wp\/v2\/pages"}],"about":[{"href":"https:\/\/3belazirc.hu\/wp\/wp-json\/wp\/v2\/types\/page"}],"author":[{"embeddable":true,"href":"https:\/\/3belazirc.hu\/wp\/wp-json\/wp\/v2\/users\/1"}],"replies":[{"embeddable":true,"href":"https:\/\/3belazirc.hu\/wp\/wp-json\/wp\/v2\/comments?post=12402"}],"version-history":[{"count":4,"href":"https:\/\/3belazirc.hu\/wp\/wp-json\/wp\/v2\/pages\/12402\/revisions"}],"predecessor-version":[{"id":12413,"href":"https:\/\/3belazirc.hu\/wp\/wp-json\/wp\/v2\/pages\/12402\/revisions\/12413"}],"wp:attachment":[{"href":"https:\/\/3belazirc.hu\/wp\/wp-json\/wp\/v2\/media?parent=12402"}],"curies":[{"name":"wp","href":"https:\/\/api.w.org\/{rel}","templated":true}]}}