{"id":12406,"date":"2026-01-20T08:43:43","date_gmt":"2026-01-20T06:43:43","guid":{"rendered":"https:\/\/3belazirc.hu\/wp\/?page_id=12406"},"modified":"2026-01-20T08:43:43","modified_gmt":"2026-01-20T06:43:43","slug":"kepzesek-es-felveteli-kovetelmenyek","status":"publish","type":"page","link":"https:\/\/3belazirc.hu\/wp\/kepzesek-es-felveteli-kovetelmenyek\/","title":{"rendered":"K\u00e9pz\u00e9sek \u00e9s felv\u00e9teli k\u00f6vetelm\u00e9nyek"},"content":{"rendered":"<p><strong>Tisztelt Sz\u00fcl\u0151k, Felv\u00e9teliz\u0151k, \u00c9rdekl\u0151d\u0151k!<\/strong><\/p>\n<p>Az al\u00e1bbi dokumentum tartalmazza a iskolai k\u00e9pz\u00e9sekkel \u00e9s felv\u00e9telivel kapcsolatos inform\u00e1ci\u00f3kat. A .pdf t\u00f6bb oldalas, lapozni a megjelen\u00edt\u0151 ablak als\u00f3 sz\u00fcrke s\u00e1vj\u00e1ban tal\u00e1lhat\u00f3 fel\/le nyilakkal lehets\u00e9ges!<\/p>\n<a href=\"https:\/\/3belazirc.hu\/wp\/wp-content\/uploads\/2025\/10\/III.Bela_Iskola_utan_iskola_elott_2026_2027_____uj_logo_v2.pdf\" class=\"pdfemb-viewer\" style=\"\" data-width=\"max\" data-height=\"max\" data-toolbar=\"bottom\" data-toolbar-fixed=\"off\">III.B\u00e9la_Iskola_ut\u00e1n_iskola_el\u0151tt_2026_2027_____uj_logo_v2<\/a>\n<p>Dokumentum let\u00f6lt\u00e9s\u00e9hez kattintson <a href=\"https:\/\/3belazirc.hu\/wp\/wp-content\/uploads\/2025\/10\/III.Bela_Iskola_utan_iskola_elott_2026_2027_____uj_logo_v2.pdf\">IDE<\/a><\/p>\n","protected":false},"excerpt":{"rendered":"<p>Tisztelt Sz\u00fcl\u0151k, Felv\u00e9teliz\u0151k, \u00c9rdekl\u0151d\u0151k! Az al\u00e1bbi dokumentum tartalmazza a iskolai k\u00e9pz\u00e9sekkel \u00e9s felv\u00e9telivel kapcsolatos inform\u00e1ci\u00f3kat. A .pdf t\u00f6bb oldalas, lapozni a megjelen\u00edt\u0151 ablak als\u00f3 sz\u00fcrke s\u00e1vj\u00e1ban tal\u00e1lhat\u00f3 fel\/le nyilakkal lehets\u00e9ges! Dokumentum let\u00f6lt\u00e9s\u00e9hez kattintson IDE<\/p>\n","protected":false},"author":1,"featured_media":0,"parent":0,"menu_order":0,"comment_status":"closed","ping_status":"closed","template":"","meta":{"_crdt_document":"","footnotes":""},"class_list":["post-12406","page","type-page","status-publish","hentry"],"yoast_head":"<!-- This site is optimized with the Yoast SEO plugin v27.4 - https:\/\/yoast.com\/product\/yoast-seo-wordpress\/ -->\n<title>K\u00e9pz\u00e9sek \u00e9s felv\u00e9teli k\u00f6vetelm\u00e9nyek - III. B\u00e9la Gimn\u00e1zium, M\u0171v\u00e9szeti Szakgimn\u00e1zium \u00e9s Alapfok\u00fa M\u0171v\u00e9szeti Iskola<\/title>\n<meta name=\"robots\" content=\"index, follow, max-snippet:-1, max-image-preview:large, max-video-preview:-1\" \/>\n<link rel=\"canonical\" href=\"https:\/\/3belazirc.hu\/wp\/kepzesek-es-felveteli-kovetelmenyek\/\" \/>\n<meta property=\"og:locale\" content=\"hu_HU\" \/>\n<meta property=\"og:type\" content=\"article\" \/>\n<meta property=\"og:title\" content=\"K\u00e9pz\u00e9sek \u00e9s felv\u00e9teli k\u00f6vetelm\u00e9nyek - III. B\u00e9la Gimn\u00e1zium, M\u0171v\u00e9szeti Szakgimn\u00e1zium \u00e9s Alapfok\u00fa M\u0171v\u00e9szeti Iskola\" \/>\n<meta property=\"og:description\" content=\"Tisztelt Sz\u00fcl\u0151k, Felv\u00e9teliz\u0151k, \u00c9rdekl\u0151d\u0151k! Az al\u00e1bbi dokumentum tartalmazza a iskolai k\u00e9pz\u00e9sekkel \u00e9s felv\u00e9telivel kapcsolatos inform\u00e1ci\u00f3kat. A .pdf t\u00f6bb oldalas, lapozni a megjelen\u00edt\u0151 ablak als\u00f3 sz\u00fcrke s\u00e1vj\u00e1ban tal\u00e1lhat\u00f3 fel\/le nyilakkal lehets\u00e9ges! Dokumentum let\u00f6lt\u00e9s\u00e9hez kattintson IDE\" \/>\n<meta property=\"og:url\" content=\"https:\/\/3belazirc.hu\/wp\/kepzesek-es-felveteli-kovetelmenyek\/\" \/>\n<meta property=\"og:site_name\" content=\"III. B\u00e9la Gimn\u00e1zium, M\u0171v\u00e9szeti Szakgimn\u00e1zium \u00e9s Alapfok\u00fa M\u0171v\u00e9szeti Iskola\" \/>\n<meta property=\"article:publisher\" content=\"https:\/\/www.facebook.com\/3belazirc\/\" \/>\n<meta name=\"twitter:card\" content=\"summary_large_image\" \/>\n<meta name=\"twitter:label1\" content=\"Becs\u00fclt olvas\u00e1si id\u0151\" \/>\n\t<meta name=\"twitter:data1\" content=\"1 perc\" \/>\n<script type=\"application\/ld+json\" class=\"yoast-schema-graph\">{\"@context\":\"https:\\\/\\\/schema.org\",\"@graph\":[{\"@type\":\"WebPage\",\"@id\":\"https:\\\/\\\/3belazirc.hu\\\/wp\\\/kepzesek-es-felveteli-kovetelmenyek\\\/\",\"url\":\"https:\\\/\\\/3belazirc.hu\\\/wp\\\/kepzesek-es-felveteli-kovetelmenyek\\\/\",\"name\":\"K\u00e9pz\u00e9sek \u00e9s felv\u00e9teli k\u00f6vetelm\u00e9nyek - III. B\u00e9la Gimn\u00e1zium, M\u0171v\u00e9szeti Szakgimn\u00e1zium \u00e9s Alapfok\u00fa M\u0171v\u00e9szeti Iskola\",\"isPartOf\":{\"@id\":\"https:\\\/\\\/3belazirc.hu\\\/wp\\\/#website\"},\"datePublished\":\"2026-01-20T06:43:43+00:00\",\"breadcrumb\":{\"@id\":\"https:\\\/\\\/3belazirc.hu\\\/wp\\\/kepzesek-es-felveteli-kovetelmenyek\\\/#breadcrumb\"},\"inLanguage\":\"hu\",\"potentialAction\":[{\"@type\":\"ReadAction\",\"target\":[\"https:\\\/\\\/3belazirc.hu\\\/wp\\\/kepzesek-es-felveteli-kovetelmenyek\\\/\"]}]},{\"@type\":\"BreadcrumbList\",\"@id\":\"https:\\\/\\\/3belazirc.hu\\\/wp\\\/kepzesek-es-felveteli-kovetelmenyek\\\/#breadcrumb\",\"itemListElement\":[{\"@type\":\"ListItem\",\"position\":1,\"name\":\"Home\",\"item\":\"https:\\\/\\\/3belazirc.hu\\\/wp\\\/\"},{\"@type\":\"ListItem\",\"position\":2,\"name\":\"K\u00e9pz\u00e9sek \u00e9s felv\u00e9teli k\u00f6vetelm\u00e9nyek\"}]},{\"@type\":\"WebSite\",\"@id\":\"https:\\\/\\\/3belazirc.hu\\\/wp\\\/#website\",\"url\":\"https:\\\/\\\/3belazirc.hu\\\/wp\\\/\",\"name\":\"III. B\u00e9la Gimn\u00e1zium, M\u0171v\u00e9szeti Szakgimn\u00e1zium \u00e9s AMI\",\"description\":\"8420, Zirc K\u00f6zt\u00e1rsas\u00e1g utca 9. | tel: 88\\\/414-449 | mobil: 06-30-811-3176 | email: 3bela@bela-zirc.edu.hu | www.facebook.com\\\/iiibelazirc www.facebook.com\\\/zircizeneiskola\",\"potentialAction\":[{\"@type\":\"SearchAction\",\"target\":{\"@type\":\"EntryPoint\",\"urlTemplate\":\"https:\\\/\\\/3belazirc.hu\\\/wp\\\/?s={search_term_string}\"},\"query-input\":{\"@type\":\"PropertyValueSpecification\",\"valueRequired\":true,\"valueName\":\"search_term_string\"}}],\"inLanguage\":\"hu\"}]}<\/script>\n<!-- \/ Yoast SEO plugin. -->","yoast_head_json":{"title":"K\u00e9pz\u00e9sek \u00e9s felv\u00e9teli k\u00f6vetelm\u00e9nyek - III. B\u00e9la Gimn\u00e1zium, M\u0171v\u00e9szeti Szakgimn\u00e1zium \u00e9s Alapfok\u00fa M\u0171v\u00e9szeti Iskola","robots":{"index":"index","follow":"follow","max-snippet":"max-snippet:-1","max-image-preview":"max-image-preview:large","max-video-preview":"max-video-preview:-1"},"canonical":"https:\/\/3belazirc.hu\/wp\/kepzesek-es-felveteli-kovetelmenyek\/","og_locale":"hu_HU","og_type":"article","og_title":"K\u00e9pz\u00e9sek \u00e9s felv\u00e9teli k\u00f6vetelm\u00e9nyek - III. B\u00e9la Gimn\u00e1zium, M\u0171v\u00e9szeti Szakgimn\u00e1zium \u00e9s Alapfok\u00fa M\u0171v\u00e9szeti Iskola","og_description":"Tisztelt Sz\u00fcl\u0151k, Felv\u00e9teliz\u0151k, \u00c9rdekl\u0151d\u0151k! Az al\u00e1bbi dokumentum tartalmazza a iskolai k\u00e9pz\u00e9sekkel \u00e9s felv\u00e9telivel kapcsolatos inform\u00e1ci\u00f3kat. A .pdf t\u00f6bb oldalas, lapozni a megjelen\u00edt\u0151 ablak als\u00f3 sz\u00fcrke s\u00e1vj\u00e1ban tal\u00e1lhat\u00f3 fel\/le nyilakkal lehets\u00e9ges! Dokumentum let\u00f6lt\u00e9s\u00e9hez kattintson IDE","og_url":"https:\/\/3belazirc.hu\/wp\/kepzesek-es-felveteli-kovetelmenyek\/","og_site_name":"III. B\u00e9la Gimn\u00e1zium, M\u0171v\u00e9szeti Szakgimn\u00e1zium \u00e9s Alapfok\u00fa M\u0171v\u00e9szeti Iskola","article_publisher":"https:\/\/www.facebook.com\/3belazirc\/","twitter_card":"summary_large_image","twitter_misc":{"Becs\u00fclt olvas\u00e1si id\u0151":"1 perc"},"schema":{"@context":"https:\/\/schema.org","@graph":[{"@type":"WebPage","@id":"https:\/\/3belazirc.hu\/wp\/kepzesek-es-felveteli-kovetelmenyek\/","url":"https:\/\/3belazirc.hu\/wp\/kepzesek-es-felveteli-kovetelmenyek\/","name":"K\u00e9pz\u00e9sek \u00e9s felv\u00e9teli k\u00f6vetelm\u00e9nyek - III. B\u00e9la Gimn\u00e1zium, M\u0171v\u00e9szeti Szakgimn\u00e1zium \u00e9s Alapfok\u00fa M\u0171v\u00e9szeti Iskola","isPartOf":{"@id":"https:\/\/3belazirc.hu\/wp\/#website"},"datePublished":"2026-01-20T06:43:43+00:00","breadcrumb":{"@id":"https:\/\/3belazirc.hu\/wp\/kepzesek-es-felveteli-kovetelmenyek\/#breadcrumb"},"inLanguage":"hu","potentialAction":[{"@type":"ReadAction","target":["https:\/\/3belazirc.hu\/wp\/kepzesek-es-felveteli-kovetelmenyek\/"]}]},{"@type":"BreadcrumbList","@id":"https:\/\/3belazirc.hu\/wp\/kepzesek-es-felveteli-kovetelmenyek\/#breadcrumb","itemListElement":[{"@type":"ListItem","position":1,"name":"Home","item":"https:\/\/3belazirc.hu\/wp\/"},{"@type":"ListItem","position":2,"name":"K\u00e9pz\u00e9sek \u00e9s felv\u00e9teli k\u00f6vetelm\u00e9nyek"}]},{"@type":"WebSite","@id":"https:\/\/3belazirc.hu\/wp\/#website","url":"https:\/\/3belazirc.hu\/wp\/","name":"III. B\u00e9la Gimn\u00e1zium, M\u0171v\u00e9szeti Szakgimn\u00e1zium \u00e9s AMI","description":"8420, Zirc K\u00f6zt\u00e1rsas\u00e1g utca 9. | tel: 88\/414-449 | mobil: 06-30-811-3176 | email: 3bela@bela-zirc.edu.hu | www.facebook.com\/iiibelazirc www.facebook.com\/zircizeneiskola","potentialAction":[{"@type":"SearchAction","target":{"@type":"EntryPoint","urlTemplate":"https:\/\/3belazirc.hu\/wp\/?s={search_term_string}"},"query-input":{"@type":"PropertyValueSpecification","valueRequired":true,"valueName":"search_term_string"}}],"inLanguage":"hu"}]}},"publishpress_future_action":{"enabled":false,"date":"2026-05-02 16:10:15","action":"change-status","newStatus":"draft","terms":[],"taxonomy":"","extraData":[]},"publishpress_future_workflow_manual_trigger":{"enabledWorkflows":[]},"_links":{"self":[{"href":"https:\/\/3belazirc.hu\/wp\/wp-json\/wp\/v2\/pages\/12406","targetHints":{"allow":["GET"]}}],"collection":[{"href":"https:\/\/3belazirc.hu\/wp\/wp-json\/wp\/v2\/pages"}],"about":[{"href":"https:\/\/3belazirc.hu\/wp\/wp-json\/wp\/v2\/types\/page"}],"author":[{"embeddable":true,"href":"https:\/\/3belazirc.hu\/wp\/wp-json\/wp\/v2\/users\/1"}],"replies":[{"embeddable":true,"href":"https:\/\/3belazirc.hu\/wp\/wp-json\/wp\/v2\/comments?post=12406"}],"version-history":[{"count":1,"href":"https:\/\/3belazirc.hu\/wp\/wp-json\/wp\/v2\/pages\/12406\/revisions"}],"predecessor-version":[{"id":12408,"href":"https:\/\/3belazirc.hu\/wp\/wp-json\/wp\/v2\/pages\/12406\/revisions\/12408"}],"wp:attachment":[{"href":"https:\/\/3belazirc.hu\/wp\/wp-json\/wp\/v2\/media?parent=12406"}],"curies":[{"name":"wp","href":"https:\/\/api.w.org\/{rel}","templated":true}]}}