{"id":12430,"date":"2026-01-29T10:21:12","date_gmt":"2026-01-29T08:21:12","guid":{"rendered":"https:\/\/3belazirc.hu\/wp\/?page_id=12430"},"modified":"2026-01-29T10:21:12","modified_gmt":"2026-01-29T08:21:12","slug":"letoltheto-dokumentumok","status":"publish","type":"page","link":"https:\/\/3belazirc.hu\/wp\/letoltheto-dokumentumok\/","title":{"rendered":"Let\u00f6lthet\u0151 dokumentumok"},"content":{"rendered":"<p>A jav\u00edt\u00e1ssal kapcsolatos \u00e9szrev\u00e9telek lead\u00e1sa janu\u00e1r 30. 16:00 \u00f3r\u00e1ig az iskola titk\u00e1rs\u00e1g\u00e1n lehets\u00e9ges az al\u00e1bbi dokumentum kit\u00f6lt\u00e9s\u00e9vel.<\/p>\n<p><a href=\"https:\/\/3belazirc.hu\/wp\/wp-content\/uploads\/2026\/01\/tanuloi_eszrevetel.pdf\">Tanul\u00f3i \u00e9szrev\u00e9tel<\/a><\/p>\n","protected":false},"excerpt":{"rendered":"<p>A jav\u00edt\u00e1ssal kapcsolatos \u00e9szrev\u00e9telek lead\u00e1sa janu\u00e1r 30. 16:00 \u00f3r\u00e1ig az iskola titk\u00e1rs\u00e1g\u00e1n lehets\u00e9ges az al\u00e1bbi dokumentum kit\u00f6lt\u00e9s\u00e9vel. Tanul\u00f3i \u00e9szrev\u00e9tel<\/p>\n","protected":false},"author":1,"featured_media":0,"parent":0,"menu_order":0,"comment_status":"closed","ping_status":"closed","template":"","meta":{"_crdt_document":"","footnotes":""},"class_list":["post-12430","page","type-page","status-publish","hentry"],"yoast_head":"<!-- This site is optimized with the Yoast SEO plugin v27.4 - https:\/\/yoast.com\/product\/yoast-seo-wordpress\/ -->\n<title>Let\u00f6lthet\u0151 dokumentumok - III. B\u00e9la Gimn\u00e1zium, M\u0171v\u00e9szeti Szakgimn\u00e1zium \u00e9s Alapfok\u00fa M\u0171v\u00e9szeti Iskola<\/title>\n<meta name=\"robots\" content=\"index, follow, max-snippet:-1, max-image-preview:large, max-video-preview:-1\" \/>\n<link rel=\"canonical\" href=\"https:\/\/3belazirc.hu\/wp\/letoltheto-dokumentumok\/\" \/>\n<meta property=\"og:locale\" content=\"hu_HU\" \/>\n<meta property=\"og:type\" content=\"article\" \/>\n<meta property=\"og:title\" content=\"Let\u00f6lthet\u0151 dokumentumok - III. B\u00e9la Gimn\u00e1zium, M\u0171v\u00e9szeti Szakgimn\u00e1zium \u00e9s Alapfok\u00fa M\u0171v\u00e9szeti Iskola\" \/>\n<meta property=\"og:description\" content=\"A jav\u00edt\u00e1ssal kapcsolatos \u00e9szrev\u00e9telek lead\u00e1sa janu\u00e1r 30. 16:00 \u00f3r\u00e1ig az iskola titk\u00e1rs\u00e1g\u00e1n lehets\u00e9ges az al\u00e1bbi dokumentum kit\u00f6lt\u00e9s\u00e9vel. Tanul\u00f3i \u00e9szrev\u00e9tel\" \/>\n<meta property=\"og:url\" content=\"https:\/\/3belazirc.hu\/wp\/letoltheto-dokumentumok\/\" \/>\n<meta property=\"og:site_name\" content=\"III. B\u00e9la Gimn\u00e1zium, M\u0171v\u00e9szeti Szakgimn\u00e1zium \u00e9s Alapfok\u00fa M\u0171v\u00e9szeti Iskola\" \/>\n<meta property=\"article:publisher\" content=\"https:\/\/www.facebook.com\/3belazirc\/\" \/>\n<meta name=\"twitter:card\" content=\"summary_large_image\" \/>\n<meta name=\"twitter:label1\" content=\"Becs\u00fclt olvas\u00e1si id\u0151\" \/>\n\t<meta name=\"twitter:data1\" content=\"1 perc\" \/>\n<script type=\"application\/ld+json\" class=\"yoast-schema-graph\">{\"@context\":\"https:\\\/\\\/schema.org\",\"@graph\":[{\"@type\":\"WebPage\",\"@id\":\"https:\\\/\\\/3belazirc.hu\\\/wp\\\/letoltheto-dokumentumok\\\/\",\"url\":\"https:\\\/\\\/3belazirc.hu\\\/wp\\\/letoltheto-dokumentumok\\\/\",\"name\":\"Let\u00f6lthet\u0151 dokumentumok - III. B\u00e9la Gimn\u00e1zium, M\u0171v\u00e9szeti Szakgimn\u00e1zium \u00e9s Alapfok\u00fa M\u0171v\u00e9szeti Iskola\",\"isPartOf\":{\"@id\":\"https:\\\/\\\/3belazirc.hu\\\/wp\\\/#website\"},\"datePublished\":\"2026-01-29T08:21:12+00:00\",\"breadcrumb\":{\"@id\":\"https:\\\/\\\/3belazirc.hu\\\/wp\\\/letoltheto-dokumentumok\\\/#breadcrumb\"},\"inLanguage\":\"hu\",\"potentialAction\":[{\"@type\":\"ReadAction\",\"target\":[\"https:\\\/\\\/3belazirc.hu\\\/wp\\\/letoltheto-dokumentumok\\\/\"]}]},{\"@type\":\"BreadcrumbList\",\"@id\":\"https:\\\/\\\/3belazirc.hu\\\/wp\\\/letoltheto-dokumentumok\\\/#breadcrumb\",\"itemListElement\":[{\"@type\":\"ListItem\",\"position\":1,\"name\":\"Home\",\"item\":\"https:\\\/\\\/3belazirc.hu\\\/wp\\\/\"},{\"@type\":\"ListItem\",\"position\":2,\"name\":\"Let\u00f6lthet\u0151 dokumentumok\"}]},{\"@type\":\"WebSite\",\"@id\":\"https:\\\/\\\/3belazirc.hu\\\/wp\\\/#website\",\"url\":\"https:\\\/\\\/3belazirc.hu\\\/wp\\\/\",\"name\":\"III. B\u00e9la Gimn\u00e1zium, M\u0171v\u00e9szeti Szakgimn\u00e1zium \u00e9s AMI\",\"description\":\"8420, Zirc K\u00f6zt\u00e1rsas\u00e1g utca 9. | tel: 88\\\/414-449 | mobil: 06-30-811-3176 | email: 3bela@bela-zirc.edu.hu | www.facebook.com\\\/iiibelazirc www.facebook.com\\\/zircizeneiskola\",\"potentialAction\":[{\"@type\":\"SearchAction\",\"target\":{\"@type\":\"EntryPoint\",\"urlTemplate\":\"https:\\\/\\\/3belazirc.hu\\\/wp\\\/?s={search_term_string}\"},\"query-input\":{\"@type\":\"PropertyValueSpecification\",\"valueRequired\":true,\"valueName\":\"search_term_string\"}}],\"inLanguage\":\"hu\"}]}<\/script>\n<!-- \/ Yoast SEO plugin. -->","yoast_head_json":{"title":"Let\u00f6lthet\u0151 dokumentumok - III. B\u00e9la Gimn\u00e1zium, M\u0171v\u00e9szeti Szakgimn\u00e1zium \u00e9s Alapfok\u00fa M\u0171v\u00e9szeti Iskola","robots":{"index":"index","follow":"follow","max-snippet":"max-snippet:-1","max-image-preview":"max-image-preview:large","max-video-preview":"max-video-preview:-1"},"canonical":"https:\/\/3belazirc.hu\/wp\/letoltheto-dokumentumok\/","og_locale":"hu_HU","og_type":"article","og_title":"Let\u00f6lthet\u0151 dokumentumok - III. B\u00e9la Gimn\u00e1zium, M\u0171v\u00e9szeti Szakgimn\u00e1zium \u00e9s Alapfok\u00fa M\u0171v\u00e9szeti Iskola","og_description":"A jav\u00edt\u00e1ssal kapcsolatos \u00e9szrev\u00e9telek lead\u00e1sa janu\u00e1r 30. 16:00 \u00f3r\u00e1ig az iskola titk\u00e1rs\u00e1g\u00e1n lehets\u00e9ges az al\u00e1bbi dokumentum kit\u00f6lt\u00e9s\u00e9vel. Tanul\u00f3i \u00e9szrev\u00e9tel","og_url":"https:\/\/3belazirc.hu\/wp\/letoltheto-dokumentumok\/","og_site_name":"III. B\u00e9la Gimn\u00e1zium, M\u0171v\u00e9szeti Szakgimn\u00e1zium \u00e9s Alapfok\u00fa M\u0171v\u00e9szeti Iskola","article_publisher":"https:\/\/www.facebook.com\/3belazirc\/","twitter_card":"summary_large_image","twitter_misc":{"Becs\u00fclt olvas\u00e1si id\u0151":"1 perc"},"schema":{"@context":"https:\/\/schema.org","@graph":[{"@type":"WebPage","@id":"https:\/\/3belazirc.hu\/wp\/letoltheto-dokumentumok\/","url":"https:\/\/3belazirc.hu\/wp\/letoltheto-dokumentumok\/","name":"Let\u00f6lthet\u0151 dokumentumok - III. B\u00e9la Gimn\u00e1zium, M\u0171v\u00e9szeti Szakgimn\u00e1zium \u00e9s Alapfok\u00fa M\u0171v\u00e9szeti Iskola","isPartOf":{"@id":"https:\/\/3belazirc.hu\/wp\/#website"},"datePublished":"2026-01-29T08:21:12+00:00","breadcrumb":{"@id":"https:\/\/3belazirc.hu\/wp\/letoltheto-dokumentumok\/#breadcrumb"},"inLanguage":"hu","potentialAction":[{"@type":"ReadAction","target":["https:\/\/3belazirc.hu\/wp\/letoltheto-dokumentumok\/"]}]},{"@type":"BreadcrumbList","@id":"https:\/\/3belazirc.hu\/wp\/letoltheto-dokumentumok\/#breadcrumb","itemListElement":[{"@type":"ListItem","position":1,"name":"Home","item":"https:\/\/3belazirc.hu\/wp\/"},{"@type":"ListItem","position":2,"name":"Let\u00f6lthet\u0151 dokumentumok"}]},{"@type":"WebSite","@id":"https:\/\/3belazirc.hu\/wp\/#website","url":"https:\/\/3belazirc.hu\/wp\/","name":"III. B\u00e9la Gimn\u00e1zium, M\u0171v\u00e9szeti Szakgimn\u00e1zium \u00e9s AMI","description":"8420, Zirc K\u00f6zt\u00e1rsas\u00e1g utca 9. | tel: 88\/414-449 | mobil: 06-30-811-3176 | email: 3bela@bela-zirc.edu.hu | www.facebook.com\/iiibelazirc www.facebook.com\/zircizeneiskola","potentialAction":[{"@type":"SearchAction","target":{"@type":"EntryPoint","urlTemplate":"https:\/\/3belazirc.hu\/wp\/?s={search_term_string}"},"query-input":{"@type":"PropertyValueSpecification","valueRequired":true,"valueName":"search_term_string"}}],"inLanguage":"hu"}]}},"publishpress_future_action":{"enabled":false,"date":"2026-05-02 16:10:15","action":"change-status","newStatus":"draft","terms":[],"taxonomy":"","extraData":[]},"publishpress_future_workflow_manual_trigger":{"enabledWorkflows":[]},"_links":{"self":[{"href":"https:\/\/3belazirc.hu\/wp\/wp-json\/wp\/v2\/pages\/12430","targetHints":{"allow":["GET"]}}],"collection":[{"href":"https:\/\/3belazirc.hu\/wp\/wp-json\/wp\/v2\/pages"}],"about":[{"href":"https:\/\/3belazirc.hu\/wp\/wp-json\/wp\/v2\/types\/page"}],"author":[{"embeddable":true,"href":"https:\/\/3belazirc.hu\/wp\/wp-json\/wp\/v2\/users\/1"}],"replies":[{"embeddable":true,"href":"https:\/\/3belazirc.hu\/wp\/wp-json\/wp\/v2\/comments?post=12430"}],"version-history":[{"count":1,"href":"https:\/\/3belazirc.hu\/wp\/wp-json\/wp\/v2\/pages\/12430\/revisions"}],"predecessor-version":[{"id":12432,"href":"https:\/\/3belazirc.hu\/wp\/wp-json\/wp\/v2\/pages\/12430\/revisions\/12432"}],"wp:attachment":[{"href":"https:\/\/3belazirc.hu\/wp\/wp-json\/wp\/v2\/media?parent=12430"}],"curies":[{"name":"wp","href":"https:\/\/api.w.org\/{rel}","templated":true}]}}