{"id":403,"date":"2015-05-21T07:55:32","date_gmt":"2015-05-21T05:55:32","guid":{"rendered":"http:\/\/3belazirc.hu\/wp\/?page_id=403"},"modified":"2015-11-17T13:37:31","modified_gmt":"2015-11-17T11:37:31","slug":"muveszeti-rendezvenyek","status":"publish","type":"page","link":"https:\/\/3belazirc.hu\/wp\/kepek\/muveszeti-rendezvenyek\/","title":{"rendered":"M\u0171v\u00e9szeti rendezv\u00e9nyek"},"content":{"rendered":"<p style=\"text-align: justify;\"><a href=\"https:\/\/3belazirc.hu\/wp\/?p=1232\">M\u00fazeumok \u00e9jszak\u00e1ja<\/a><\/p>\n<p style=\"text-align: justify;\"><a href=\"https:\/\/3belazirc.hu\/wp\/?p=1234\">Action ART<\/a><\/p>\n","protected":false},"excerpt":{"rendered":"<p>M\u00fazeumok \u00e9jszak\u00e1ja Action ART<\/p>\n","protected":false},"author":1,"featured_media":0,"parent":11,"menu_order":3,"comment_status":"closed","ping_status":"open","template":"","meta":{"_crdt_document":"","footnotes":""},"class_list":["post-403","page","type-page","status-publish","hentry"],"yoast_head":"<!-- This site is optimized with the Yoast SEO plugin v27.4 - https:\/\/yoast.com\/product\/yoast-seo-wordpress\/ -->\n<title>M\u0171v\u00e9szeti rendezv\u00e9nyek - III. B\u00e9la Gimn\u00e1zium, M\u0171v\u00e9szeti Szakgimn\u00e1zium \u00e9s Alapfok\u00fa M\u0171v\u00e9szeti Iskola<\/title>\n<meta name=\"robots\" content=\"index, follow, max-snippet:-1, max-image-preview:large, max-video-preview:-1\" \/>\n<link rel=\"canonical\" href=\"https:\/\/3belazirc.hu\/wp\/kepek\/muveszeti-rendezvenyek\/\" \/>\n<meta property=\"og:locale\" content=\"hu_HU\" \/>\n<meta property=\"og:type\" content=\"article\" \/>\n<meta property=\"og:title\" content=\"M\u0171v\u00e9szeti rendezv\u00e9nyek - III. B\u00e9la Gimn\u00e1zium, M\u0171v\u00e9szeti Szakgimn\u00e1zium \u00e9s Alapfok\u00fa M\u0171v\u00e9szeti Iskola\" \/>\n<meta property=\"og:description\" content=\"M\u00fazeumok \u00e9jszak\u00e1ja Action ART\" \/>\n<meta property=\"og:url\" content=\"https:\/\/3belazirc.hu\/wp\/kepek\/muveszeti-rendezvenyek\/\" \/>\n<meta property=\"og:site_name\" content=\"III. B\u00e9la Gimn\u00e1zium, M\u0171v\u00e9szeti Szakgimn\u00e1zium \u00e9s Alapfok\u00fa M\u0171v\u00e9szeti Iskola\" \/>\n<meta property=\"article:publisher\" content=\"https:\/\/www.facebook.com\/3belazirc\/\" \/>\n<meta property=\"article:modified_time\" content=\"2015-11-17T11:37:31+00:00\" \/>\n<meta name=\"twitter:card\" content=\"summary_large_image\" \/>\n<script type=\"application\/ld+json\" class=\"yoast-schema-graph\">{\"@context\":\"https:\\\/\\\/schema.org\",\"@graph\":[{\"@type\":\"WebPage\",\"@id\":\"https:\\\/\\\/3belazirc.hu\\\/wp\\\/kepek\\\/muveszeti-rendezvenyek\\\/\",\"url\":\"https:\\\/\\\/3belazirc.hu\\\/wp\\\/kepek\\\/muveszeti-rendezvenyek\\\/\",\"name\":\"M\u0171v\u00e9szeti rendezv\u00e9nyek - III. B\u00e9la Gimn\u00e1zium, M\u0171v\u00e9szeti Szakgimn\u00e1zium \u00e9s Alapfok\u00fa M\u0171v\u00e9szeti Iskola\",\"isPartOf\":{\"@id\":\"https:\\\/\\\/3belazirc.hu\\\/wp\\\/#website\"},\"datePublished\":\"2015-05-21T05:55:32+00:00\",\"dateModified\":\"2015-11-17T11:37:31+00:00\",\"breadcrumb\":{\"@id\":\"https:\\\/\\\/3belazirc.hu\\\/wp\\\/kepek\\\/muveszeti-rendezvenyek\\\/#breadcrumb\"},\"inLanguage\":\"hu\",\"potentialAction\":[{\"@type\":\"ReadAction\",\"target\":[\"https:\\\/\\\/3belazirc.hu\\\/wp\\\/kepek\\\/muveszeti-rendezvenyek\\\/\"]}]},{\"@type\":\"BreadcrumbList\",\"@id\":\"https:\\\/\\\/3belazirc.hu\\\/wp\\\/kepek\\\/muveszeti-rendezvenyek\\\/#breadcrumb\",\"itemListElement\":[{\"@type\":\"ListItem\",\"position\":1,\"name\":\"Home\",\"item\":\"https:\\\/\\\/3belazirc.hu\\\/wp\\\/\"},{\"@type\":\"ListItem\",\"position\":2,\"name\":\"K\u00e9pek\",\"item\":\"https:\\\/\\\/3belazirc.hu\\\/wp\\\/kepek\\\/\"},{\"@type\":\"ListItem\",\"position\":3,\"name\":\"M\u0171v\u00e9szeti rendezv\u00e9nyek\"}]},{\"@type\":\"WebSite\",\"@id\":\"https:\\\/\\\/3belazirc.hu\\\/wp\\\/#website\",\"url\":\"https:\\\/\\\/3belazirc.hu\\\/wp\\\/\",\"name\":\"III. B\u00e9la Gimn\u00e1zium, M\u0171v\u00e9szeti Szakgimn\u00e1zium \u00e9s AMI\",\"description\":\"8420, Zirc K\u00f6zt\u00e1rsas\u00e1g utca 9. | tel: 88\\\/414-449 | mobil: 06-30-811-3176 | email: 3bela@bela-zirc.edu.hu | www.facebook.com\\\/iiibelazirc www.facebook.com\\\/zircizeneiskola\",\"potentialAction\":[{\"@type\":\"SearchAction\",\"target\":{\"@type\":\"EntryPoint\",\"urlTemplate\":\"https:\\\/\\\/3belazirc.hu\\\/wp\\\/?s={search_term_string}\"},\"query-input\":{\"@type\":\"PropertyValueSpecification\",\"valueRequired\":true,\"valueName\":\"search_term_string\"}}],\"inLanguage\":\"hu\"}]}<\/script>\n<!-- \/ Yoast SEO plugin. -->","yoast_head_json":{"title":"M\u0171v\u00e9szeti rendezv\u00e9nyek - III. B\u00e9la Gimn\u00e1zium, M\u0171v\u00e9szeti Szakgimn\u00e1zium \u00e9s Alapfok\u00fa M\u0171v\u00e9szeti Iskola","robots":{"index":"index","follow":"follow","max-snippet":"max-snippet:-1","max-image-preview":"max-image-preview:large","max-video-preview":"max-video-preview:-1"},"canonical":"https:\/\/3belazirc.hu\/wp\/kepek\/muveszeti-rendezvenyek\/","og_locale":"hu_HU","og_type":"article","og_title":"M\u0171v\u00e9szeti rendezv\u00e9nyek - III. B\u00e9la Gimn\u00e1zium, M\u0171v\u00e9szeti Szakgimn\u00e1zium \u00e9s Alapfok\u00fa M\u0171v\u00e9szeti Iskola","og_description":"M\u00fazeumok \u00e9jszak\u00e1ja Action ART","og_url":"https:\/\/3belazirc.hu\/wp\/kepek\/muveszeti-rendezvenyek\/","og_site_name":"III. B\u00e9la Gimn\u00e1zium, M\u0171v\u00e9szeti Szakgimn\u00e1zium \u00e9s Alapfok\u00fa M\u0171v\u00e9szeti Iskola","article_publisher":"https:\/\/www.facebook.com\/3belazirc\/","article_modified_time":"2015-11-17T11:37:31+00:00","twitter_card":"summary_large_image","schema":{"@context":"https:\/\/schema.org","@graph":[{"@type":"WebPage","@id":"https:\/\/3belazirc.hu\/wp\/kepek\/muveszeti-rendezvenyek\/","url":"https:\/\/3belazirc.hu\/wp\/kepek\/muveszeti-rendezvenyek\/","name":"M\u0171v\u00e9szeti rendezv\u00e9nyek - III. B\u00e9la Gimn\u00e1zium, M\u0171v\u00e9szeti Szakgimn\u00e1zium \u00e9s Alapfok\u00fa M\u0171v\u00e9szeti Iskola","isPartOf":{"@id":"https:\/\/3belazirc.hu\/wp\/#website"},"datePublished":"2015-05-21T05:55:32+00:00","dateModified":"2015-11-17T11:37:31+00:00","breadcrumb":{"@id":"https:\/\/3belazirc.hu\/wp\/kepek\/muveszeti-rendezvenyek\/#breadcrumb"},"inLanguage":"hu","potentialAction":[{"@type":"ReadAction","target":["https:\/\/3belazirc.hu\/wp\/kepek\/muveszeti-rendezvenyek\/"]}]},{"@type":"BreadcrumbList","@id":"https:\/\/3belazirc.hu\/wp\/kepek\/muveszeti-rendezvenyek\/#breadcrumb","itemListElement":[{"@type":"ListItem","position":1,"name":"Home","item":"https:\/\/3belazirc.hu\/wp\/"},{"@type":"ListItem","position":2,"name":"K\u00e9pek","item":"https:\/\/3belazirc.hu\/wp\/kepek\/"},{"@type":"ListItem","position":3,"name":"M\u0171v\u00e9szeti rendezv\u00e9nyek"}]},{"@type":"WebSite","@id":"https:\/\/3belazirc.hu\/wp\/#website","url":"https:\/\/3belazirc.hu\/wp\/","name":"III. B\u00e9la Gimn\u00e1zium, M\u0171v\u00e9szeti Szakgimn\u00e1zium \u00e9s AMI","description":"8420, Zirc K\u00f6zt\u00e1rsas\u00e1g utca 9. | tel: 88\/414-449 | mobil: 06-30-811-3176 | email: 3bela@bela-zirc.edu.hu | www.facebook.com\/iiibelazirc www.facebook.com\/zircizeneiskola","potentialAction":[{"@type":"SearchAction","target":{"@type":"EntryPoint","urlTemplate":"https:\/\/3belazirc.hu\/wp\/?s={search_term_string}"},"query-input":{"@type":"PropertyValueSpecification","valueRequired":true,"valueName":"search_term_string"}}],"inLanguage":"hu"}]}},"publishpress_future_action":{"enabled":false,"date":"2026-05-02 16:09:48","action":"change-status","newStatus":"draft","terms":[],"taxonomy":"","extraData":[]},"publishpress_future_workflow_manual_trigger":{"enabledWorkflows":[]},"_links":{"self":[{"href":"https:\/\/3belazirc.hu\/wp\/wp-json\/wp\/v2\/pages\/403","targetHints":{"allow":["GET"]}}],"collection":[{"href":"https:\/\/3belazirc.hu\/wp\/wp-json\/wp\/v2\/pages"}],"about":[{"href":"https:\/\/3belazirc.hu\/wp\/wp-json\/wp\/v2\/types\/page"}],"author":[{"embeddable":true,"href":"https:\/\/3belazirc.hu\/wp\/wp-json\/wp\/v2\/users\/1"}],"replies":[{"embeddable":true,"href":"https:\/\/3belazirc.hu\/wp\/wp-json\/wp\/v2\/comments?post=403"}],"version-history":[{"count":5,"href":"https:\/\/3belazirc.hu\/wp\/wp-json\/wp\/v2\/pages\/403\/revisions"}],"predecessor-version":[{"id":1238,"href":"https:\/\/3belazirc.hu\/wp\/wp-json\/wp\/v2\/pages\/403\/revisions\/1238"}],"up":[{"embeddable":true,"href":"https:\/\/3belazirc.hu\/wp\/wp-json\/wp\/v2\/pages\/11"}],"wp:attachment":[{"href":"https:\/\/3belazirc.hu\/wp\/wp-json\/wp\/v2\/media?parent=403"}],"curies":[{"name":"wp","href":"https:\/\/api.w.org\/{rel}","templated":true}]}}