{"id":438,"date":"2015-05-21T08:05:21","date_gmt":"2015-05-21T06:05:21","guid":{"rendered":"http:\/\/3belazirc.hu\/wp\/?page_id=438"},"modified":"2015-11-18T14:00:13","modified_gmt":"2015-11-18T12:00:13","slug":"zalaegerszeg-2009","status":"publish","type":"page","link":"https:\/\/3belazirc.hu\/wp\/kepek\/kiallitasaink\/zalaegerszeg-2009\/","title":{"rendered":"Zalaegerszeg &#8217;09"},"content":{"rendered":"<div id='gallery-1' class='gallery galleryid-438 gallery-columns-3 gallery-size-large'><figure class='gallery-item'>\n\t\t\t<div class='gallery-icon landscape'>\n\t\t\t\t<a href='https:\/\/3belazirc.hu\/wp\/wp-content\/uploads\/2015\/05\/7.zalaegerszeg.091.jpg' title=\"7.zalaegerszeg.09\" data-rl_title=\"7.zalaegerszeg.09\" class=\"rl-gallery-link\" data-rl_caption=\"\" data-rel=\"lightbox-gallery-1\"><img decoding=\"async\" width=\"700\" height=\"470\" src=\"https:\/\/3belazirc.hu\/wp\/wp-content\/uploads\/2015\/05\/7.zalaegerszeg.091.jpg\" class=\"attachment-large size-large\" alt=\"\" srcset=\"https:\/\/3belazirc.hu\/wp\/wp-content\/uploads\/2015\/05\/7.zalaegerszeg.091.jpg 782w, https:\/\/3belazirc.hu\/wp\/wp-content\/uploads\/2015\/05\/7.zalaegerszeg.091-300x201.jpg 300w\" sizes=\"(max-width: 700px) 100vw, 700px\" \/><\/a>\n\t\t\t<\/div><\/figure><figure class='gallery-item'>\n\t\t\t<div class='gallery-icon landscape'>\n\t\t\t\t<a href='https:\/\/3belazirc.hu\/wp\/wp-content\/uploads\/2015\/05\/9.zalaegerszeg.091.jpg' title=\"9.zalaegerszeg.09\" data-rl_title=\"9.zalaegerszeg.09\" class=\"rl-gallery-link\" data-rl_caption=\"\" data-rel=\"lightbox-gallery-1\"><img decoding=\"async\" width=\"700\" height=\"470\" src=\"https:\/\/3belazirc.hu\/wp\/wp-content\/uploads\/2015\/05\/9.zalaegerszeg.091.jpg\" class=\"attachment-large size-large\" alt=\"\" srcset=\"https:\/\/3belazirc.hu\/wp\/wp-content\/uploads\/2015\/05\/9.zalaegerszeg.091.jpg 782w, https:\/\/3belazirc.hu\/wp\/wp-content\/uploads\/2015\/05\/9.zalaegerszeg.091-300x201.jpg 300w\" sizes=\"(max-width: 700px) 100vw, 700px\" \/><\/a>\n\t\t\t<\/div><\/figure><figure class='gallery-item'>\n\t\t\t<div class='gallery-icon landscape'>\n\t\t\t\t<a href='https:\/\/3belazirc.hu\/wp\/wp-content\/uploads\/2015\/05\/6.zalaegerszeg.091.jpg' title=\"6.zalaegerszeg.09\" data-rl_title=\"6.zalaegerszeg.09\" class=\"rl-gallery-link\" data-rl_caption=\"\" data-rel=\"lightbox-gallery-1\"><img decoding=\"async\" width=\"700\" height=\"470\" src=\"https:\/\/3belazirc.hu\/wp\/wp-content\/uploads\/2015\/05\/6.zalaegerszeg.091.jpg\" class=\"attachment-large size-large\" alt=\"\" srcset=\"https:\/\/3belazirc.hu\/wp\/wp-content\/uploads\/2015\/05\/6.zalaegerszeg.091.jpg 782w, https:\/\/3belazirc.hu\/wp\/wp-content\/uploads\/2015\/05\/6.zalaegerszeg.091-300x201.jpg 300w\" sizes=\"(max-width: 700px) 100vw, 700px\" \/><\/a>\n\t\t\t<\/div><\/figure><figure class='gallery-item'>\n\t\t\t<div class='gallery-icon landscape'>\n\t\t\t\t<a href='https:\/\/3belazirc.hu\/wp\/wp-content\/uploads\/2015\/05\/12.zalaegerszeg.091.jpg' title=\"12.zalaegerszeg.09\" data-rl_title=\"12.zalaegerszeg.09\" class=\"rl-gallery-link\" data-rl_caption=\"\" data-rel=\"lightbox-gallery-1\"><img decoding=\"async\" width=\"700\" height=\"470\" src=\"https:\/\/3belazirc.hu\/wp\/wp-content\/uploads\/2015\/05\/12.zalaegerszeg.091.jpg\" class=\"attachment-large size-large\" alt=\"\" srcset=\"https:\/\/3belazirc.hu\/wp\/wp-content\/uploads\/2015\/05\/12.zalaegerszeg.091.jpg 782w, https:\/\/3belazirc.hu\/wp\/wp-content\/uploads\/2015\/05\/12.zalaegerszeg.091-300x201.jpg 300w\" sizes=\"(max-width: 700px) 100vw, 700px\" \/><\/a>\n\t\t\t<\/div><\/figure><figure class='gallery-item'>\n\t\t\t<div class='gallery-icon landscape'>\n\t\t\t\t<a href='https:\/\/3belazirc.hu\/wp\/wp-content\/uploads\/2015\/05\/3.zalaegerszeg.091.jpg' title=\"3.zalaegerszeg.09\" data-rl_title=\"3.zalaegerszeg.09\" class=\"rl-gallery-link\" data-rl_caption=\"\" data-rel=\"lightbox-gallery-1\"><img decoding=\"async\" width=\"700\" height=\"474\" src=\"https:\/\/3belazirc.hu\/wp\/wp-content\/uploads\/2015\/05\/3.zalaegerszeg.091.jpg\" class=\"attachment-large size-large\" alt=\"\" srcset=\"https:\/\/3belazirc.hu\/wp\/wp-content\/uploads\/2015\/05\/3.zalaegerszeg.091.jpg 775w, https:\/\/3belazirc.hu\/wp\/wp-content\/uploads\/2015\/05\/3.zalaegerszeg.091-300x203.jpg 300w\" sizes=\"(max-width: 700px) 100vw, 700px\" \/><\/a>\n\t\t\t<\/div><\/figure><figure class='gallery-item'>\n\t\t\t<div class='gallery-icon landscape'>\n\t\t\t\t<a href='https:\/\/3belazirc.hu\/wp\/wp-content\/uploads\/2015\/05\/1.zalaegerszeg.091.jpg' title=\"1.zalaegerszeg.09\" data-rl_title=\"1.zalaegerszeg.09\" class=\"rl-gallery-link\" data-rl_caption=\"\" data-rel=\"lightbox-gallery-1\"><img decoding=\"async\" width=\"700\" height=\"470\" src=\"https:\/\/3belazirc.hu\/wp\/wp-content\/uploads\/2015\/05\/1.zalaegerszeg.091.jpg\" class=\"attachment-large size-large\" alt=\"\" srcset=\"https:\/\/3belazirc.hu\/wp\/wp-content\/uploads\/2015\/05\/1.zalaegerszeg.091.jpg 782w, https:\/\/3belazirc.hu\/wp\/wp-content\/uploads\/2015\/05\/1.zalaegerszeg.091-300x201.jpg 300w\" sizes=\"(max-width: 700px) 100vw, 700px\" \/><\/a>\n\t\t\t<\/div><\/figure><figure class='gallery-item'>\n\t\t\t<div class='gallery-icon landscape'>\n\t\t\t\t<a href='https:\/\/3belazirc.hu\/wp\/wp-content\/uploads\/2015\/05\/5.zalaegerszeg.091.jpg' title=\"5.zalaegerszeg.09\" data-rl_title=\"5.zalaegerszeg.09\" class=\"rl-gallery-link\" data-rl_caption=\"\" data-rel=\"lightbox-gallery-1\"><img decoding=\"async\" width=\"700\" height=\"470\" src=\"https:\/\/3belazirc.hu\/wp\/wp-content\/uploads\/2015\/05\/5.zalaegerszeg.091.jpg\" class=\"attachment-large size-large\" alt=\"\" srcset=\"https:\/\/3belazirc.hu\/wp\/wp-content\/uploads\/2015\/05\/5.zalaegerszeg.091.jpg 782w, https:\/\/3belazirc.hu\/wp\/wp-content\/uploads\/2015\/05\/5.zalaegerszeg.091-300x201.jpg 300w\" sizes=\"(max-width: 700px) 100vw, 700px\" \/><\/a>\n\t\t\t<\/div><\/figure><figure class='gallery-item'>\n\t\t\t<div class='gallery-icon landscape'>\n\t\t\t\t<a href='https:\/\/3belazirc.hu\/wp\/wp-content\/uploads\/2015\/05\/13.zalaegerszeg.091.jpg' title=\"13.zalaegerszeg.09\" data-rl_title=\"13.zalaegerszeg.09\" class=\"rl-gallery-link\" data-rl_caption=\"\" data-rel=\"lightbox-gallery-1\"><img decoding=\"async\" width=\"700\" height=\"470\" src=\"https:\/\/3belazirc.hu\/wp\/wp-content\/uploads\/2015\/05\/13.zalaegerszeg.091.jpg\" class=\"attachment-large size-large\" alt=\"\" srcset=\"https:\/\/3belazirc.hu\/wp\/wp-content\/uploads\/2015\/05\/13.zalaegerszeg.091.jpg 782w, https:\/\/3belazirc.hu\/wp\/wp-content\/uploads\/2015\/05\/13.zalaegerszeg.091-300x201.jpg 300w\" sizes=\"(max-width: 700px) 100vw, 700px\" \/><\/a>\n\t\t\t<\/div><\/figure><figure class='gallery-item'>\n\t\t\t<div class='gallery-icon landscape'>\n\t\t\t\t<a href='https:\/\/3belazirc.hu\/wp\/wp-content\/uploads\/2015\/05\/11.zalaegerszeg.091.jpg' title=\"11.zalaegerszeg.09\" data-rl_title=\"11.zalaegerszeg.09\" class=\"rl-gallery-link\" data-rl_caption=\"\" data-rel=\"lightbox-gallery-1\"><img decoding=\"async\" width=\"700\" height=\"470\" src=\"https:\/\/3belazirc.hu\/wp\/wp-content\/uploads\/2015\/05\/11.zalaegerszeg.091.jpg\" class=\"attachment-large size-large\" alt=\"\" srcset=\"https:\/\/3belazirc.hu\/wp\/wp-content\/uploads\/2015\/05\/11.zalaegerszeg.091.jpg 782w, https:\/\/3belazirc.hu\/wp\/wp-content\/uploads\/2015\/05\/11.zalaegerszeg.091-300x201.jpg 300w\" sizes=\"(max-width: 700px) 100vw, 700px\" \/><\/a>\n\t\t\t<\/div><\/figure><figure class='gallery-item'>\n\t\t\t<div class='gallery-icon portrait'>\n\t\t\t\t<a href='https:\/\/3belazirc.hu\/wp\/wp-content\/uploads\/2015\/05\/2.zalaegerszeg.091.jpg' title=\"2.zalaegerszeg.09\" data-rl_title=\"2.zalaegerszeg.09\" class=\"rl-gallery-link\" data-rl_caption=\"\" data-rel=\"lightbox-gallery-1\"><img decoding=\"async\" width=\"352\" height=\"525\" src=\"https:\/\/3belazirc.hu\/wp\/wp-content\/uploads\/2015\/05\/2.zalaegerszeg.091.jpg\" class=\"attachment-large size-large\" alt=\"\" srcset=\"https:\/\/3belazirc.hu\/wp\/wp-content\/uploads\/2015\/05\/2.zalaegerszeg.091.jpg 352w, https:\/\/3belazirc.hu\/wp\/wp-content\/uploads\/2015\/05\/2.zalaegerszeg.091-201x300.jpg 201w, https:\/\/3belazirc.hu\/wp\/wp-content\/uploads\/2015\/05\/2.zalaegerszeg.091-300x447.jpg 300w\" sizes=\"(max-width: 352px) 100vw, 352px\" \/><\/a>\n\t\t\t<\/div><\/figure><figure class='gallery-item'>\n\t\t\t<div class='gallery-icon landscape'>\n\t\t\t\t<a href='https:\/\/3belazirc.hu\/wp\/wp-content\/uploads\/2015\/05\/10.zalaegerszeg.091.jpg' title=\"10.zalaegerszeg.09\" data-rl_title=\"10.zalaegerszeg.09\" class=\"rl-gallery-link\" data-rl_caption=\"\" data-rel=\"lightbox-gallery-1\"><img decoding=\"async\" width=\"700\" height=\"470\" src=\"https:\/\/3belazirc.hu\/wp\/wp-content\/uploads\/2015\/05\/10.zalaegerszeg.091.jpg\" class=\"attachment-large size-large\" alt=\"\" srcset=\"https:\/\/3belazirc.hu\/wp\/wp-content\/uploads\/2015\/05\/10.zalaegerszeg.091.jpg 782w, https:\/\/3belazirc.hu\/wp\/wp-content\/uploads\/2015\/05\/10.zalaegerszeg.091-300x201.jpg 300w\" sizes=\"(max-width: 700px) 100vw, 700px\" \/><\/a>\n\t\t\t<\/div><\/figure><figure class='gallery-item'>\n\t\t\t<div class='gallery-icon landscape'>\n\t\t\t\t<a href='https:\/\/3belazirc.hu\/wp\/wp-content\/uploads\/2015\/05\/4.zalaegerszeg.091.jpg' title=\"4.zalaegerszeg.09\" data-rl_title=\"4.zalaegerszeg.09\" class=\"rl-gallery-link\" data-rl_caption=\"\" data-rel=\"lightbox-gallery-1\"><img decoding=\"async\" width=\"700\" height=\"470\" src=\"https:\/\/3belazirc.hu\/wp\/wp-content\/uploads\/2015\/05\/4.zalaegerszeg.091.jpg\" class=\"attachment-large size-large\" alt=\"\" srcset=\"https:\/\/3belazirc.hu\/wp\/wp-content\/uploads\/2015\/05\/4.zalaegerszeg.091.jpg 782w, https:\/\/3belazirc.hu\/wp\/wp-content\/uploads\/2015\/05\/4.zalaegerszeg.091-300x201.jpg 300w\" sizes=\"(max-width: 700px) 100vw, 700px\" \/><\/a>\n\t\t\t<\/div><\/figure><figure class='gallery-item'>\n\t\t\t<div class='gallery-icon landscape'>\n\t\t\t\t<a href='https:\/\/3belazirc.hu\/wp\/wp-content\/uploads\/2015\/05\/8.zalaegerszeg.091.jpg' title=\"8.zalaegerszeg.09\" data-rl_title=\"8.zalaegerszeg.09\" class=\"rl-gallery-link\" data-rl_caption=\"\" data-rel=\"lightbox-gallery-1\"><img decoding=\"async\" width=\"700\" height=\"470\" src=\"https:\/\/3belazirc.hu\/wp\/wp-content\/uploads\/2015\/05\/8.zalaegerszeg.091.jpg\" class=\"attachment-large size-large\" alt=\"\" srcset=\"https:\/\/3belazirc.hu\/wp\/wp-content\/uploads\/2015\/05\/8.zalaegerszeg.091.jpg 782w, https:\/\/3belazirc.hu\/wp\/wp-content\/uploads\/2015\/05\/8.zalaegerszeg.091-300x201.jpg 300w\" sizes=\"(max-width: 700px) 100vw, 700px\" \/><\/a>\n\t\t\t<\/div><\/figure>\n\t\t<\/div>\n\n","protected":false},"excerpt":{"rendered":"","protected":false},"author":1,"featured_media":0,"parent":401,"menu_order":6,"comment_status":"closed","ping_status":"closed","template":"nosidebar.php","meta":{"_crdt_document":"","footnotes":""},"class_list":["post-438","page","type-page","status-publish","hentry"],"yoast_head":"<!-- This site is optimized with the Yoast SEO plugin v27.4 - https:\/\/yoast.com\/product\/yoast-seo-wordpress\/ -->\n<title>Zalaegerszeg &#039;09 - III. B\u00e9la Gimn\u00e1zium, M\u0171v\u00e9szeti Szakgimn\u00e1zium \u00e9s Alapfok\u00fa M\u0171v\u00e9szeti Iskola<\/title>\n<meta name=\"robots\" content=\"index, follow, max-snippet:-1, max-image-preview:large, max-video-preview:-1\" \/>\n<link rel=\"canonical\" href=\"https:\/\/3belazirc.hu\/wp\/kepek\/kiallitasaink\/zalaegerszeg-2009\/\" \/>\n<meta property=\"og:locale\" content=\"hu_HU\" \/>\n<meta property=\"og:type\" content=\"article\" \/>\n<meta property=\"og:title\" content=\"Zalaegerszeg &#039;09 - III. B\u00e9la Gimn\u00e1zium, M\u0171v\u00e9szeti Szakgimn\u00e1zium \u00e9s Alapfok\u00fa M\u0171v\u00e9szeti Iskola\" \/>\n<meta property=\"og:url\" content=\"https:\/\/3belazirc.hu\/wp\/kepek\/kiallitasaink\/zalaegerszeg-2009\/\" \/>\n<meta property=\"og:site_name\" content=\"III. B\u00e9la Gimn\u00e1zium, M\u0171v\u00e9szeti Szakgimn\u00e1zium \u00e9s Alapfok\u00fa M\u0171v\u00e9szeti Iskola\" \/>\n<meta property=\"article:publisher\" content=\"https:\/\/www.facebook.com\/3belazirc\/\" \/>\n<meta property=\"article:modified_time\" content=\"2015-11-18T12:00:13+00:00\" \/>\n<meta property=\"og:image\" content=\"https:\/\/3belazirc.hu\/wp\/wp-content\/uploads\/2015\/05\/10.zalaegerszeg.091.jpg\" \/>\n<meta name=\"twitter:card\" content=\"summary_large_image\" \/>\n<script type=\"application\/ld+json\" class=\"yoast-schema-graph\">{\"@context\":\"https:\\\/\\\/schema.org\",\"@graph\":[{\"@type\":\"WebPage\",\"@id\":\"https:\\\/\\\/3belazirc.hu\\\/wp\\\/kepek\\\/kiallitasaink\\\/zalaegerszeg-2009\\\/\",\"url\":\"https:\\\/\\\/3belazirc.hu\\\/wp\\\/kepek\\\/kiallitasaink\\\/zalaegerszeg-2009\\\/\",\"name\":\"Zalaegerszeg '09 - III. B\u00e9la Gimn\u00e1zium, M\u0171v\u00e9szeti Szakgimn\u00e1zium \u00e9s Alapfok\u00fa M\u0171v\u00e9szeti Iskola\",\"isPartOf\":{\"@id\":\"https:\\\/\\\/3belazirc.hu\\\/wp\\\/#website\"},\"datePublished\":\"2015-05-21T06:05:21+00:00\",\"dateModified\":\"2015-11-18T12:00:13+00:00\",\"breadcrumb\":{\"@id\":\"https:\\\/\\\/3belazirc.hu\\\/wp\\\/kepek\\\/kiallitasaink\\\/zalaegerszeg-2009\\\/#breadcrumb\"},\"inLanguage\":\"hu\",\"potentialAction\":[{\"@type\":\"ReadAction\",\"target\":[\"https:\\\/\\\/3belazirc.hu\\\/wp\\\/kepek\\\/kiallitasaink\\\/zalaegerszeg-2009\\\/\"]}]},{\"@type\":\"BreadcrumbList\",\"@id\":\"https:\\\/\\\/3belazirc.hu\\\/wp\\\/kepek\\\/kiallitasaink\\\/zalaegerszeg-2009\\\/#breadcrumb\",\"itemListElement\":[{\"@type\":\"ListItem\",\"position\":1,\"name\":\"Home\",\"item\":\"https:\\\/\\\/3belazirc.hu\\\/wp\\\/\"},{\"@type\":\"ListItem\",\"position\":2,\"name\":\"K\u00e9pek\",\"item\":\"https:\\\/\\\/3belazirc.hu\\\/wp\\\/kepek\\\/\"},{\"@type\":\"ListItem\",\"position\":3,\"name\":\"Ki\u00e1ll\u00edt\u00e1saink\",\"item\":\"https:\\\/\\\/3belazirc.hu\\\/wp\\\/kepek\\\/kiallitasaink\\\/\"},{\"@type\":\"ListItem\",\"position\":4,\"name\":\"Zalaegerszeg &#8217;09\"}]},{\"@type\":\"WebSite\",\"@id\":\"https:\\\/\\\/3belazirc.hu\\\/wp\\\/#website\",\"url\":\"https:\\\/\\\/3belazirc.hu\\\/wp\\\/\",\"name\":\"III. B\u00e9la Gimn\u00e1zium, M\u0171v\u00e9szeti Szakgimn\u00e1zium \u00e9s AMI\",\"description\":\"8420, Zirc K\u00f6zt\u00e1rsas\u00e1g utca 9. | tel: 88\\\/414-449 | mobil: 06-30-811-3176 | email: 3bela@bela-zirc.edu.hu | www.facebook.com\\\/iiibelazirc www.facebook.com\\\/zircizeneiskola\",\"potentialAction\":[{\"@type\":\"SearchAction\",\"target\":{\"@type\":\"EntryPoint\",\"urlTemplate\":\"https:\\\/\\\/3belazirc.hu\\\/wp\\\/?s={search_term_string}\"},\"query-input\":{\"@type\":\"PropertyValueSpecification\",\"valueRequired\":true,\"valueName\":\"search_term_string\"}}],\"inLanguage\":\"hu\"}]}<\/script>\n<!-- \/ Yoast SEO plugin. -->","yoast_head_json":{"title":"Zalaegerszeg '09 - III. B\u00e9la Gimn\u00e1zium, M\u0171v\u00e9szeti Szakgimn\u00e1zium \u00e9s Alapfok\u00fa M\u0171v\u00e9szeti Iskola","robots":{"index":"index","follow":"follow","max-snippet":"max-snippet:-1","max-image-preview":"max-image-preview:large","max-video-preview":"max-video-preview:-1"},"canonical":"https:\/\/3belazirc.hu\/wp\/kepek\/kiallitasaink\/zalaegerszeg-2009\/","og_locale":"hu_HU","og_type":"article","og_title":"Zalaegerszeg '09 - III. B\u00e9la Gimn\u00e1zium, M\u0171v\u00e9szeti Szakgimn\u00e1zium \u00e9s Alapfok\u00fa M\u0171v\u00e9szeti Iskola","og_url":"https:\/\/3belazirc.hu\/wp\/kepek\/kiallitasaink\/zalaegerszeg-2009\/","og_site_name":"III. B\u00e9la Gimn\u00e1zium, M\u0171v\u00e9szeti Szakgimn\u00e1zium \u00e9s Alapfok\u00fa M\u0171v\u00e9szeti Iskola","article_publisher":"https:\/\/www.facebook.com\/3belazirc\/","article_modified_time":"2015-11-18T12:00:13+00:00","og_image":[{"url":"https:\/\/3belazirc.hu\/wp\/wp-content\/uploads\/2015\/05\/10.zalaegerszeg.091.jpg","type":"","width":"","height":""}],"twitter_card":"summary_large_image","schema":{"@context":"https:\/\/schema.org","@graph":[{"@type":"WebPage","@id":"https:\/\/3belazirc.hu\/wp\/kepek\/kiallitasaink\/zalaegerszeg-2009\/","url":"https:\/\/3belazirc.hu\/wp\/kepek\/kiallitasaink\/zalaegerszeg-2009\/","name":"Zalaegerszeg '09 - III. B\u00e9la Gimn\u00e1zium, M\u0171v\u00e9szeti Szakgimn\u00e1zium \u00e9s Alapfok\u00fa M\u0171v\u00e9szeti Iskola","isPartOf":{"@id":"https:\/\/3belazirc.hu\/wp\/#website"},"datePublished":"2015-05-21T06:05:21+00:00","dateModified":"2015-11-18T12:00:13+00:00","breadcrumb":{"@id":"https:\/\/3belazirc.hu\/wp\/kepek\/kiallitasaink\/zalaegerszeg-2009\/#breadcrumb"},"inLanguage":"hu","potentialAction":[{"@type":"ReadAction","target":["https:\/\/3belazirc.hu\/wp\/kepek\/kiallitasaink\/zalaegerszeg-2009\/"]}]},{"@type":"BreadcrumbList","@id":"https:\/\/3belazirc.hu\/wp\/kepek\/kiallitasaink\/zalaegerszeg-2009\/#breadcrumb","itemListElement":[{"@type":"ListItem","position":1,"name":"Home","item":"https:\/\/3belazirc.hu\/wp\/"},{"@type":"ListItem","position":2,"name":"K\u00e9pek","item":"https:\/\/3belazirc.hu\/wp\/kepek\/"},{"@type":"ListItem","position":3,"name":"Ki\u00e1ll\u00edt\u00e1saink","item":"https:\/\/3belazirc.hu\/wp\/kepek\/kiallitasaink\/"},{"@type":"ListItem","position":4,"name":"Zalaegerszeg &#8217;09"}]},{"@type":"WebSite","@id":"https:\/\/3belazirc.hu\/wp\/#website","url":"https:\/\/3belazirc.hu\/wp\/","name":"III. B\u00e9la Gimn\u00e1zium, M\u0171v\u00e9szeti Szakgimn\u00e1zium \u00e9s AMI","description":"8420, Zirc K\u00f6zt\u00e1rsas\u00e1g utca 9. | tel: 88\/414-449 | mobil: 06-30-811-3176 | email: 3bela@bela-zirc.edu.hu | www.facebook.com\/iiibelazirc www.facebook.com\/zircizeneiskola","potentialAction":[{"@type":"SearchAction","target":{"@type":"EntryPoint","urlTemplate":"https:\/\/3belazirc.hu\/wp\/?s={search_term_string}"},"query-input":{"@type":"PropertyValueSpecification","valueRequired":true,"valueName":"search_term_string"}}],"inLanguage":"hu"}]}},"publishpress_future_action":{"enabled":false,"date":"2026-05-02 16:10:18","action":"change-status","newStatus":"draft","terms":[],"taxonomy":"","extraData":[]},"publishpress_future_workflow_manual_trigger":{"enabledWorkflows":[]},"_links":{"self":[{"href":"https:\/\/3belazirc.hu\/wp\/wp-json\/wp\/v2\/pages\/438","targetHints":{"allow":["GET"]}}],"collection":[{"href":"https:\/\/3belazirc.hu\/wp\/wp-json\/wp\/v2\/pages"}],"about":[{"href":"https:\/\/3belazirc.hu\/wp\/wp-json\/wp\/v2\/types\/page"}],"author":[{"embeddable":true,"href":"https:\/\/3belazirc.hu\/wp\/wp-json\/wp\/v2\/users\/1"}],"replies":[{"embeddable":true,"href":"https:\/\/3belazirc.hu\/wp\/wp-json\/wp\/v2\/comments?post=438"}],"version-history":[{"count":4,"href":"https:\/\/3belazirc.hu\/wp\/wp-json\/wp\/v2\/pages\/438\/revisions"}],"predecessor-version":[{"id":1318,"href":"https:\/\/3belazirc.hu\/wp\/wp-json\/wp\/v2\/pages\/438\/revisions\/1318"}],"up":[{"embeddable":true,"href":"https:\/\/3belazirc.hu\/wp\/wp-json\/wp\/v2\/pages\/401"}],"wp:attachment":[{"href":"https:\/\/3belazirc.hu\/wp\/wp-json\/wp\/v2\/media?parent=438"}],"curies":[{"name":"wp","href":"https:\/\/api.w.org\/{rel}","templated":true}]}}