{"id":664,"date":"2015-05-27T15:18:11","date_gmt":"2015-05-27T13:18:11","guid":{"rendered":"http:\/\/3belazirc.hu\/wp\/?page_id=664"},"modified":"2015-11-18T11:13:25","modified_gmt":"2015-11-18T09:13:25","slug":"action-art-2009","status":"publish","type":"page","link":"https:\/\/3belazirc.hu\/wp\/kepek\/muveszeti-rendezvenyek\/action-art-2009\/","title":{"rendered":"Action ART 2009"},"content":{"rendered":"<div id='gallery-1' class='gallery galleryid-664 gallery-columns-3 gallery-size-medium'><figure class='gallery-item'>\n\t\t\t<div class='gallery-icon portrait'>\n\t\t\t\t<a href='https:\/\/3belazirc.hu\/wp\/wp-content\/uploads\/2015\/05\/1.act_.art_.09.jpg' title=\"1.act.art.09\" data-rl_title=\"1.act.art.09\" class=\"rl-gallery-link\" data-rl_caption=\"\" data-rel=\"lightbox-gallery-1\"><img decoding=\"async\" width=\"201\" height=\"300\" src=\"https:\/\/3belazirc.hu\/wp\/wp-content\/uploads\/2015\/05\/1.act_.art_.09-201x300.jpg\" class=\"attachment-medium size-medium\" alt=\"\" srcset=\"https:\/\/3belazirc.hu\/wp\/wp-content\/uploads\/2015\/05\/1.act_.art_.09-201x300.jpg 201w, https:\/\/3belazirc.hu\/wp\/wp-content\/uploads\/2015\/05\/1.act_.art_.09-250x373.jpg 250w, https:\/\/3belazirc.hu\/wp\/wp-content\/uploads\/2015\/05\/1.act_.art_.09-121x180.jpg 121w, https:\/\/3belazirc.hu\/wp\/wp-content\/uploads\/2015\/05\/1.act_.art_.09-335x500.jpg 335w, https:\/\/3belazirc.hu\/wp\/wp-content\/uploads\/2015\/05\/1.act_.art_.09.jpg 352w\" sizes=\"(max-width: 201px) 100vw, 201px\" \/><\/a>\n\t\t\t<\/div><\/figure><figure class='gallery-item'>\n\t\t\t<div class='gallery-icon landscape'>\n\t\t\t\t<a href='https:\/\/3belazirc.hu\/wp\/wp-content\/uploads\/2015\/05\/2.act_.art_.09.jpg' title=\"2.act.art.09\" data-rl_title=\"2.act.art.09\" class=\"rl-gallery-link\" data-rl_caption=\"\" data-rel=\"lightbox-gallery-1\"><img decoding=\"async\" width=\"300\" height=\"200\" src=\"https:\/\/3belazirc.hu\/wp\/wp-content\/uploads\/2015\/05\/2.act_.art_.09-300x200.jpg\" class=\"attachment-medium size-medium\" alt=\"\" srcset=\"https:\/\/3belazirc.hu\/wp\/wp-content\/uploads\/2015\/05\/2.act_.art_.09-300x200.jpg 300w, https:\/\/3belazirc.hu\/wp\/wp-content\/uploads\/2015\/05\/2.act_.art_.09-250x166.jpg 250w, https:\/\/3belazirc.hu\/wp\/wp-content\/uploads\/2015\/05\/2.act_.art_.09-550x366.jpg 550w, https:\/\/3belazirc.hu\/wp\/wp-content\/uploads\/2015\/05\/2.act_.art_.09-271x180.jpg 271w, https:\/\/3belazirc.hu\/wp\/wp-content\/uploads\/2015\/05\/2.act_.art_.09-451x300.jpg 451w, https:\/\/3belazirc.hu\/wp\/wp-content\/uploads\/2015\/05\/2.act_.art_.09-751x500.jpg 751w, https:\/\/3belazirc.hu\/wp\/wp-content\/uploads\/2015\/05\/2.act_.art_.09.jpg 789w\" sizes=\"(max-width: 300px) 100vw, 300px\" \/><\/a>\n\t\t\t<\/div><\/figure><figure class='gallery-item'>\n\t\t\t<div class='gallery-icon portrait'>\n\t\t\t\t<a href='https:\/\/3belazirc.hu\/wp\/wp-content\/uploads\/2015\/05\/3.act_.art_.09.jpg' title=\"3.act.art.09\" data-rl_title=\"3.act.art.09\" class=\"rl-gallery-link\" data-rl_caption=\"\" data-rel=\"lightbox-gallery-1\"><img decoding=\"async\" width=\"199\" height=\"300\" src=\"https:\/\/3belazirc.hu\/wp\/wp-content\/uploads\/2015\/05\/3.act_.art_.09-199x300.jpg\" class=\"attachment-medium size-medium\" alt=\"\" srcset=\"https:\/\/3belazirc.hu\/wp\/wp-content\/uploads\/2015\/05\/3.act_.art_.09-199x300.jpg 199w, https:\/\/3belazirc.hu\/wp\/wp-content\/uploads\/2015\/05\/3.act_.art_.09-250x376.jpg 250w, https:\/\/3belazirc.hu\/wp\/wp-content\/uploads\/2015\/05\/3.act_.art_.09-120x180.jpg 120w, https:\/\/3belazirc.hu\/wp\/wp-content\/uploads\/2015\/05\/3.act_.art_.09-332x500.jpg 332w, https:\/\/3belazirc.hu\/wp\/wp-content\/uploads\/2015\/05\/3.act_.art_.09.jpg 349w\" sizes=\"(max-width: 199px) 100vw, 199px\" \/><\/a>\n\t\t\t<\/div><\/figure><figure class='gallery-item'>\n\t\t\t<div class='gallery-icon landscape'>\n\t\t\t\t<a href='https:\/\/3belazirc.hu\/wp\/wp-content\/uploads\/2015\/05\/4.act_.art_.09.jpg' title=\"4.act.art.09\" data-rl_title=\"4.act.art.09\" class=\"rl-gallery-link\" data-rl_caption=\"\" data-rel=\"lightbox-gallery-1\"><img decoding=\"async\" width=\"300\" height=\"203\" src=\"https:\/\/3belazirc.hu\/wp\/wp-content\/uploads\/2015\/05\/4.act_.art_.09-300x203.jpg\" class=\"attachment-medium size-medium\" alt=\"\" srcset=\"https:\/\/3belazirc.hu\/wp\/wp-content\/uploads\/2015\/05\/4.act_.art_.09-300x203.jpg 300w, https:\/\/3belazirc.hu\/wp\/wp-content\/uploads\/2015\/05\/4.act_.art_.09-250x169.jpg 250w, https:\/\/3belazirc.hu\/wp\/wp-content\/uploads\/2015\/05\/4.act_.art_.09-550x373.jpg 550w, https:\/\/3belazirc.hu\/wp\/wp-content\/uploads\/2015\/05\/4.act_.art_.09-266x180.jpg 266w, https:\/\/3belazirc.hu\/wp\/wp-content\/uploads\/2015\/05\/4.act_.art_.09-443x300.jpg 443w, https:\/\/3belazirc.hu\/wp\/wp-content\/uploads\/2015\/05\/4.act_.art_.09-738x500.jpg 738w, https:\/\/3belazirc.hu\/wp\/wp-content\/uploads\/2015\/05\/4.act_.art_.09.jpg 775w\" sizes=\"(max-width: 300px) 100vw, 300px\" \/><\/a>\n\t\t\t<\/div><\/figure><figure class='gallery-item'>\n\t\t\t<div class='gallery-icon portrait'>\n\t\t\t\t<a href='https:\/\/3belazirc.hu\/wp\/wp-content\/uploads\/2015\/05\/5.act_.art_.09.jpg' title=\"5.act.art.09\" data-rl_title=\"5.act.art.09\" class=\"rl-gallery-link\" data-rl_caption=\"\" data-rel=\"lightbox-gallery-1\"><img decoding=\"async\" width=\"199\" height=\"300\" src=\"https:\/\/3belazirc.hu\/wp\/wp-content\/uploads\/2015\/05\/5.act_.art_.09-199x300.jpg\" class=\"attachment-medium size-medium\" alt=\"\" srcset=\"https:\/\/3belazirc.hu\/wp\/wp-content\/uploads\/2015\/05\/5.act_.art_.09-199x300.jpg 199w, https:\/\/3belazirc.hu\/wp\/wp-content\/uploads\/2015\/05\/5.act_.art_.09-250x376.jpg 250w, https:\/\/3belazirc.hu\/wp\/wp-content\/uploads\/2015\/05\/5.act_.art_.09-120x180.jpg 120w, https:\/\/3belazirc.hu\/wp\/wp-content\/uploads\/2015\/05\/5.act_.art_.09-332x500.jpg 332w, https:\/\/3belazirc.hu\/wp\/wp-content\/uploads\/2015\/05\/5.act_.art_.09.jpg 349w\" sizes=\"(max-width: 199px) 100vw, 199px\" \/><\/a>\n\t\t\t<\/div><\/figure><figure class='gallery-item'>\n\t\t\t<div class='gallery-icon portrait'>\n\t\t\t\t<a href='https:\/\/3belazirc.hu\/wp\/wp-content\/uploads\/2015\/05\/6.act_.art_.09.jpg' title=\"6.act.art.09\" data-rl_title=\"6.act.art.09\" class=\"rl-gallery-link\" data-rl_caption=\"\" data-rel=\"lightbox-gallery-1\"><img decoding=\"async\" width=\"199\" height=\"300\" src=\"https:\/\/3belazirc.hu\/wp\/wp-content\/uploads\/2015\/05\/6.act_.art_.09-199x300.jpg\" class=\"attachment-medium size-medium\" alt=\"\" srcset=\"https:\/\/3belazirc.hu\/wp\/wp-content\/uploads\/2015\/05\/6.act_.art_.09-199x300.jpg 199w, https:\/\/3belazirc.hu\/wp\/wp-content\/uploads\/2015\/05\/6.act_.art_.09-250x376.jpg 250w, https:\/\/3belazirc.hu\/wp\/wp-content\/uploads\/2015\/05\/6.act_.art_.09-120x180.jpg 120w, https:\/\/3belazirc.hu\/wp\/wp-content\/uploads\/2015\/05\/6.act_.art_.09-332x500.jpg 332w, https:\/\/3belazirc.hu\/wp\/wp-content\/uploads\/2015\/05\/6.act_.art_.09.jpg 349w\" sizes=\"(max-width: 199px) 100vw, 199px\" \/><\/a>\n\t\t\t<\/div><\/figure><figure class='gallery-item'>\n\t\t\t<div class='gallery-icon landscape'>\n\t\t\t\t<a href='https:\/\/3belazirc.hu\/wp\/wp-content\/uploads\/2015\/05\/7.act_.art_.09.jpg' title=\"7.act.art.09\" data-rl_title=\"7.act.art.09\" class=\"rl-gallery-link\" data-rl_caption=\"\" data-rel=\"lightbox-gallery-1\"><img decoding=\"async\" width=\"300\" height=\"225\" src=\"https:\/\/3belazirc.hu\/wp\/wp-content\/uploads\/2015\/05\/7.act_.art_.09-300x225.jpg\" class=\"attachment-medium size-medium\" alt=\"\" srcset=\"https:\/\/3belazirc.hu\/wp\/wp-content\/uploads\/2015\/05\/7.act_.art_.09-300x225.jpg 300w, https:\/\/3belazirc.hu\/wp\/wp-content\/uploads\/2015\/05\/7.act_.art_.09-250x188.jpg 250w, https:\/\/3belazirc.hu\/wp\/wp-content\/uploads\/2015\/05\/7.act_.art_.09-550x413.jpg 550w, https:\/\/3belazirc.hu\/wp\/wp-content\/uploads\/2015\/05\/7.act_.art_.09-240x180.jpg 240w, https:\/\/3belazirc.hu\/wp\/wp-content\/uploads\/2015\/05\/7.act_.art_.09-400x300.jpg 400w, https:\/\/3belazirc.hu\/wp\/wp-content\/uploads\/2015\/05\/7.act_.art_.09-667x500.jpg 667w, https:\/\/3belazirc.hu\/wp\/wp-content\/uploads\/2015\/05\/7.act_.art_.09.jpg 700w\" sizes=\"(max-width: 300px) 100vw, 300px\" \/><\/a>\n\t\t\t<\/div><\/figure><figure class='gallery-item'>\n\t\t\t<div class='gallery-icon portrait'>\n\t\t\t\t<a href='https:\/\/3belazirc.hu\/wp\/wp-content\/uploads\/2015\/05\/8.act_.art_.09.jpg' title=\"8.act.art.09\" data-rl_title=\"8.act.art.09\" class=\"rl-gallery-link\" data-rl_caption=\"\" data-rel=\"lightbox-gallery-1\"><img decoding=\"async\" width=\"225\" height=\"300\" src=\"https:\/\/3belazirc.hu\/wp\/wp-content\/uploads\/2015\/05\/8.act_.art_.09-225x300.jpg\" class=\"attachment-medium size-medium\" alt=\"\" srcset=\"https:\/\/3belazirc.hu\/wp\/wp-content\/uploads\/2015\/05\/8.act_.art_.09-225x300.jpg 225w, https:\/\/3belazirc.hu\/wp\/wp-content\/uploads\/2015\/05\/8.act_.art_.09-250x333.jpg 250w, https:\/\/3belazirc.hu\/wp\/wp-content\/uploads\/2015\/05\/8.act_.art_.09-135x180.jpg 135w, https:\/\/3belazirc.hu\/wp\/wp-content\/uploads\/2015\/05\/8.act_.art_.09-375x500.jpg 375w, https:\/\/3belazirc.hu\/wp\/wp-content\/uploads\/2015\/05\/8.act_.art_.09.jpg 394w\" sizes=\"(max-width: 225px) 100vw, 225px\" \/><\/a>\n\t\t\t<\/div><\/figure><figure class='gallery-item'>\n\t\t\t<div class='gallery-icon landscape'>\n\t\t\t\t<a href='https:\/\/3belazirc.hu\/wp\/wp-content\/uploads\/2015\/05\/9.act_.art_.09.jpg' title=\"9.act.art.09\" data-rl_title=\"9.act.art.09\" class=\"rl-gallery-link\" data-rl_caption=\"\" data-rel=\"lightbox-gallery-1\"><img decoding=\"async\" width=\"300\" height=\"225\" src=\"https:\/\/3belazirc.hu\/wp\/wp-content\/uploads\/2015\/05\/9.act_.art_.09-300x225.jpg\" class=\"attachment-medium size-medium\" alt=\"\" srcset=\"https:\/\/3belazirc.hu\/wp\/wp-content\/uploads\/2015\/05\/9.act_.art_.09-300x225.jpg 300w, https:\/\/3belazirc.hu\/wp\/wp-content\/uploads\/2015\/05\/9.act_.art_.09-250x188.jpg 250w, https:\/\/3belazirc.hu\/wp\/wp-content\/uploads\/2015\/05\/9.act_.art_.09-550x413.jpg 550w, https:\/\/3belazirc.hu\/wp\/wp-content\/uploads\/2015\/05\/9.act_.art_.09-240x180.jpg 240w, https:\/\/3belazirc.hu\/wp\/wp-content\/uploads\/2015\/05\/9.act_.art_.09-400x300.jpg 400w, https:\/\/3belazirc.hu\/wp\/wp-content\/uploads\/2015\/05\/9.act_.art_.09-667x500.jpg 667w, https:\/\/3belazirc.hu\/wp\/wp-content\/uploads\/2015\/05\/9.act_.art_.09.jpg 700w\" sizes=\"(max-width: 300px) 100vw, 300px\" \/><\/a>\n\t\t\t<\/div><\/figure><figure class='gallery-item'>\n\t\t\t<div class='gallery-icon portrait'>\n\t\t\t\t<a href='https:\/\/3belazirc.hu\/wp\/wp-content\/uploads\/2015\/05\/10.act_.art_.09.jpg' title=\"10.act.art.09\" data-rl_title=\"10.act.art.09\" class=\"rl-gallery-link\" data-rl_caption=\"\" data-rel=\"lightbox-gallery-1\"><img decoding=\"async\" width=\"225\" height=\"300\" src=\"https:\/\/3belazirc.hu\/wp\/wp-content\/uploads\/2015\/05\/10.act_.art_.09-225x300.jpg\" class=\"attachment-medium size-medium\" alt=\"\" srcset=\"https:\/\/3belazirc.hu\/wp\/wp-content\/uploads\/2015\/05\/10.act_.art_.09-225x300.jpg 225w, https:\/\/3belazirc.hu\/wp\/wp-content\/uploads\/2015\/05\/10.act_.art_.09-250x333.jpg 250w, https:\/\/3belazirc.hu\/wp\/wp-content\/uploads\/2015\/05\/10.act_.art_.09-135x180.jpg 135w, https:\/\/3belazirc.hu\/wp\/wp-content\/uploads\/2015\/05\/10.act_.art_.09-375x500.jpg 375w, https:\/\/3belazirc.hu\/wp\/wp-content\/uploads\/2015\/05\/10.act_.art_.09.jpg 394w\" sizes=\"(max-width: 225px) 100vw, 225px\" \/><\/a>\n\t\t\t<\/div><\/figure><figure class='gallery-item'>\n\t\t\t<div class='gallery-icon portrait'>\n\t\t\t\t<a href='https:\/\/3belazirc.hu\/wp\/wp-content\/uploads\/2015\/05\/11.act_.art_.09.jpg' title=\"11.act.art.09\" data-rl_title=\"11.act.art.09\" class=\"rl-gallery-link\" data-rl_caption=\"\" data-rel=\"lightbox-gallery-1\"><img decoding=\"async\" width=\"225\" height=\"300\" src=\"https:\/\/3belazirc.hu\/wp\/wp-content\/uploads\/2015\/05\/11.act_.art_.09-225x300.jpg\" class=\"attachment-medium size-medium\" alt=\"\" srcset=\"https:\/\/3belazirc.hu\/wp\/wp-content\/uploads\/2015\/05\/11.act_.art_.09-225x300.jpg 225w, https:\/\/3belazirc.hu\/wp\/wp-content\/uploads\/2015\/05\/11.act_.art_.09-250x333.jpg 250w, https:\/\/3belazirc.hu\/wp\/wp-content\/uploads\/2015\/05\/11.act_.art_.09-135x180.jpg 135w, https:\/\/3belazirc.hu\/wp\/wp-content\/uploads\/2015\/05\/11.act_.art_.09-375x500.jpg 375w, https:\/\/3belazirc.hu\/wp\/wp-content\/uploads\/2015\/05\/11.act_.art_.09.jpg 394w\" sizes=\"(max-width: 225px) 100vw, 225px\" \/><\/a>\n\t\t\t<\/div><\/figure><figure class='gallery-item'>\n\t\t\t<div class='gallery-icon portrait'>\n\t\t\t\t<a href='https:\/\/3belazirc.hu\/wp\/wp-content\/uploads\/2015\/05\/12.act_.art_.09.jpg' title=\"12.act.art.09\" data-rl_title=\"12.act.art.09\" class=\"rl-gallery-link\" data-rl_caption=\"\" data-rel=\"lightbox-gallery-1\"><img decoding=\"async\" width=\"225\" height=\"300\" src=\"https:\/\/3belazirc.hu\/wp\/wp-content\/uploads\/2015\/05\/12.act_.art_.09-225x300.jpg\" class=\"attachment-medium size-medium\" alt=\"\" srcset=\"https:\/\/3belazirc.hu\/wp\/wp-content\/uploads\/2015\/05\/12.act_.art_.09-225x300.jpg 225w, https:\/\/3belazirc.hu\/wp\/wp-content\/uploads\/2015\/05\/12.act_.art_.09-250x333.jpg 250w, https:\/\/3belazirc.hu\/wp\/wp-content\/uploads\/2015\/05\/12.act_.art_.09-135x180.jpg 135w, https:\/\/3belazirc.hu\/wp\/wp-content\/uploads\/2015\/05\/12.act_.art_.09-375x500.jpg 375w, https:\/\/3belazirc.hu\/wp\/wp-content\/uploads\/2015\/05\/12.act_.art_.09.jpg 394w\" sizes=\"(max-width: 225px) 100vw, 225px\" \/><\/a>\n\t\t\t<\/div><\/figure><figure class='gallery-item'>\n\t\t\t<div class='gallery-icon portrait'>\n\t\t\t\t<a href='https:\/\/3belazirc.hu\/wp\/wp-content\/uploads\/2015\/05\/13.act_.art_.09.jpg' title=\"13.act.art.09\" data-rl_title=\"13.act.art.09\" class=\"rl-gallery-link\" data-rl_caption=\"\" data-rel=\"lightbox-gallery-1\"><img decoding=\"async\" width=\"212\" height=\"300\" src=\"https:\/\/3belazirc.hu\/wp\/wp-content\/uploads\/2015\/05\/13.act_.art_.09-212x300.jpg\" class=\"attachment-medium size-medium\" alt=\"\" srcset=\"https:\/\/3belazirc.hu\/wp\/wp-content\/uploads\/2015\/05\/13.act_.art_.09-212x300.jpg 212w, https:\/\/3belazirc.hu\/wp\/wp-content\/uploads\/2015\/05\/13.act_.art_.09-250x354.jpg 250w, https:\/\/3belazirc.hu\/wp\/wp-content\/uploads\/2015\/05\/13.act_.art_.09-127x180.jpg 127w, https:\/\/3belazirc.hu\/wp\/wp-content\/uploads\/2015\/05\/13.act_.art_.09-353x500.jpg 353w, https:\/\/3belazirc.hu\/wp\/wp-content\/uploads\/2015\/05\/13.act_.art_.09.jpg 371w\" sizes=\"(max-width: 212px) 100vw, 212px\" \/><\/a>\n\t\t\t<\/div><\/figure>\n\t\t<\/div>\n\n","protected":false},"excerpt":{"rendered":"","protected":false},"author":1,"featured_media":0,"parent":403,"menu_order":0,"comment_status":"closed","ping_status":"open","template":"nosidebar.php","meta":{"_crdt_document":"","footnotes":""},"class_list":["post-664","page","type-page","status-publish","hentry"],"yoast_head":"<!-- This site is optimized with the Yoast SEO plugin v27.4 - https:\/\/yoast.com\/product\/yoast-seo-wordpress\/ -->\n<title>Action ART 2009 - III. B\u00e9la Gimn\u00e1zium, M\u0171v\u00e9szeti Szakgimn\u00e1zium \u00e9s Alapfok\u00fa M\u0171v\u00e9szeti Iskola<\/title>\n<meta name=\"robots\" content=\"index, follow, max-snippet:-1, max-image-preview:large, max-video-preview:-1\" \/>\n<link rel=\"canonical\" href=\"https:\/\/3belazirc.hu\/wp\/kepek\/muveszeti-rendezvenyek\/action-art-2009\/\" \/>\n<meta property=\"og:locale\" content=\"hu_HU\" \/>\n<meta property=\"og:type\" content=\"article\" \/>\n<meta property=\"og:title\" content=\"Action ART 2009 - III. B\u00e9la Gimn\u00e1zium, M\u0171v\u00e9szeti Szakgimn\u00e1zium \u00e9s Alapfok\u00fa M\u0171v\u00e9szeti Iskola\" \/>\n<meta property=\"og:url\" content=\"https:\/\/3belazirc.hu\/wp\/kepek\/muveszeti-rendezvenyek\/action-art-2009\/\" \/>\n<meta property=\"og:site_name\" content=\"III. B\u00e9la Gimn\u00e1zium, M\u0171v\u00e9szeti Szakgimn\u00e1zium \u00e9s Alapfok\u00fa M\u0171v\u00e9szeti Iskola\" \/>\n<meta property=\"article:publisher\" content=\"https:\/\/www.facebook.com\/3belazirc\/\" \/>\n<meta property=\"article:modified_time\" content=\"2015-11-18T09:13:25+00:00\" \/>\n<meta property=\"og:image\" content=\"https:\/\/3belazirc.hu\/wp\/wp-content\/uploads\/2015\/05\/1.act_.art_.09-201x300.jpg\" \/>\n<meta name=\"twitter:card\" content=\"summary_large_image\" \/>\n<script type=\"application\/ld+json\" class=\"yoast-schema-graph\">{\"@context\":\"https:\\\/\\\/schema.org\",\"@graph\":[{\"@type\":\"WebPage\",\"@id\":\"https:\\\/\\\/3belazirc.hu\\\/wp\\\/kepek\\\/muveszeti-rendezvenyek\\\/action-art-2009\\\/\",\"url\":\"https:\\\/\\\/3belazirc.hu\\\/wp\\\/kepek\\\/muveszeti-rendezvenyek\\\/action-art-2009\\\/\",\"name\":\"Action ART 2009 - III. B\u00e9la Gimn\u00e1zium, M\u0171v\u00e9szeti Szakgimn\u00e1zium \u00e9s Alapfok\u00fa M\u0171v\u00e9szeti Iskola\",\"isPartOf\":{\"@id\":\"https:\\\/\\\/3belazirc.hu\\\/wp\\\/#website\"},\"datePublished\":\"2015-05-27T13:18:11+00:00\",\"dateModified\":\"2015-11-18T09:13:25+00:00\",\"breadcrumb\":{\"@id\":\"https:\\\/\\\/3belazirc.hu\\\/wp\\\/kepek\\\/muveszeti-rendezvenyek\\\/action-art-2009\\\/#breadcrumb\"},\"inLanguage\":\"hu\",\"potentialAction\":[{\"@type\":\"ReadAction\",\"target\":[\"https:\\\/\\\/3belazirc.hu\\\/wp\\\/kepek\\\/muveszeti-rendezvenyek\\\/action-art-2009\\\/\"]}]},{\"@type\":\"BreadcrumbList\",\"@id\":\"https:\\\/\\\/3belazirc.hu\\\/wp\\\/kepek\\\/muveszeti-rendezvenyek\\\/action-art-2009\\\/#breadcrumb\",\"itemListElement\":[{\"@type\":\"ListItem\",\"position\":1,\"name\":\"Home\",\"item\":\"https:\\\/\\\/3belazirc.hu\\\/wp\\\/\"},{\"@type\":\"ListItem\",\"position\":2,\"name\":\"K\u00e9pek\",\"item\":\"https:\\\/\\\/3belazirc.hu\\\/wp\\\/kepek\\\/\"},{\"@type\":\"ListItem\",\"position\":3,\"name\":\"M\u0171v\u00e9szeti rendezv\u00e9nyek\",\"item\":\"https:\\\/\\\/3belazirc.hu\\\/wp\\\/kepek\\\/muveszeti-rendezvenyek\\\/\"},{\"@type\":\"ListItem\",\"position\":4,\"name\":\"Action ART 2009\"}]},{\"@type\":\"WebSite\",\"@id\":\"https:\\\/\\\/3belazirc.hu\\\/wp\\\/#website\",\"url\":\"https:\\\/\\\/3belazirc.hu\\\/wp\\\/\",\"name\":\"III. B\u00e9la Gimn\u00e1zium, M\u0171v\u00e9szeti Szakgimn\u00e1zium \u00e9s AMI\",\"description\":\"8420, Zirc K\u00f6zt\u00e1rsas\u00e1g utca 9. | tel: 88\\\/414-449 | mobil: 06-30-811-3176 | email: 3bela@bela-zirc.edu.hu | www.facebook.com\\\/iiibelazirc www.facebook.com\\\/zircizeneiskola\",\"potentialAction\":[{\"@type\":\"SearchAction\",\"target\":{\"@type\":\"EntryPoint\",\"urlTemplate\":\"https:\\\/\\\/3belazirc.hu\\\/wp\\\/?s={search_term_string}\"},\"query-input\":{\"@type\":\"PropertyValueSpecification\",\"valueRequired\":true,\"valueName\":\"search_term_string\"}}],\"inLanguage\":\"hu\"}]}<\/script>\n<!-- \/ Yoast SEO plugin. -->","yoast_head_json":{"title":"Action ART 2009 - III. B\u00e9la Gimn\u00e1zium, M\u0171v\u00e9szeti Szakgimn\u00e1zium \u00e9s Alapfok\u00fa M\u0171v\u00e9szeti Iskola","robots":{"index":"index","follow":"follow","max-snippet":"max-snippet:-1","max-image-preview":"max-image-preview:large","max-video-preview":"max-video-preview:-1"},"canonical":"https:\/\/3belazirc.hu\/wp\/kepek\/muveszeti-rendezvenyek\/action-art-2009\/","og_locale":"hu_HU","og_type":"article","og_title":"Action ART 2009 - III. B\u00e9la Gimn\u00e1zium, M\u0171v\u00e9szeti Szakgimn\u00e1zium \u00e9s Alapfok\u00fa M\u0171v\u00e9szeti Iskola","og_url":"https:\/\/3belazirc.hu\/wp\/kepek\/muveszeti-rendezvenyek\/action-art-2009\/","og_site_name":"III. B\u00e9la Gimn\u00e1zium, M\u0171v\u00e9szeti Szakgimn\u00e1zium \u00e9s Alapfok\u00fa M\u0171v\u00e9szeti Iskola","article_publisher":"https:\/\/www.facebook.com\/3belazirc\/","article_modified_time":"2015-11-18T09:13:25+00:00","og_image":[{"url":"https:\/\/3belazirc.hu\/wp\/wp-content\/uploads\/2015\/05\/1.act_.art_.09-201x300.jpg","type":"","width":"","height":""}],"twitter_card":"summary_large_image","schema":{"@context":"https:\/\/schema.org","@graph":[{"@type":"WebPage","@id":"https:\/\/3belazirc.hu\/wp\/kepek\/muveszeti-rendezvenyek\/action-art-2009\/","url":"https:\/\/3belazirc.hu\/wp\/kepek\/muveszeti-rendezvenyek\/action-art-2009\/","name":"Action ART 2009 - III. B\u00e9la Gimn\u00e1zium, M\u0171v\u00e9szeti Szakgimn\u00e1zium \u00e9s Alapfok\u00fa M\u0171v\u00e9szeti Iskola","isPartOf":{"@id":"https:\/\/3belazirc.hu\/wp\/#website"},"datePublished":"2015-05-27T13:18:11+00:00","dateModified":"2015-11-18T09:13:25+00:00","breadcrumb":{"@id":"https:\/\/3belazirc.hu\/wp\/kepek\/muveszeti-rendezvenyek\/action-art-2009\/#breadcrumb"},"inLanguage":"hu","potentialAction":[{"@type":"ReadAction","target":["https:\/\/3belazirc.hu\/wp\/kepek\/muveszeti-rendezvenyek\/action-art-2009\/"]}]},{"@type":"BreadcrumbList","@id":"https:\/\/3belazirc.hu\/wp\/kepek\/muveszeti-rendezvenyek\/action-art-2009\/#breadcrumb","itemListElement":[{"@type":"ListItem","position":1,"name":"Home","item":"https:\/\/3belazirc.hu\/wp\/"},{"@type":"ListItem","position":2,"name":"K\u00e9pek","item":"https:\/\/3belazirc.hu\/wp\/kepek\/"},{"@type":"ListItem","position":3,"name":"M\u0171v\u00e9szeti rendezv\u00e9nyek","item":"https:\/\/3belazirc.hu\/wp\/kepek\/muveszeti-rendezvenyek\/"},{"@type":"ListItem","position":4,"name":"Action ART 2009"}]},{"@type":"WebSite","@id":"https:\/\/3belazirc.hu\/wp\/#website","url":"https:\/\/3belazirc.hu\/wp\/","name":"III. B\u00e9la Gimn\u00e1zium, M\u0171v\u00e9szeti Szakgimn\u00e1zium \u00e9s AMI","description":"8420, Zirc K\u00f6zt\u00e1rsas\u00e1g utca 9. | tel: 88\/414-449 | mobil: 06-30-811-3176 | email: 3bela@bela-zirc.edu.hu | www.facebook.com\/iiibelazirc www.facebook.com\/zircizeneiskola","potentialAction":[{"@type":"SearchAction","target":{"@type":"EntryPoint","urlTemplate":"https:\/\/3belazirc.hu\/wp\/?s={search_term_string}"},"query-input":{"@type":"PropertyValueSpecification","valueRequired":true,"valueName":"search_term_string"}}],"inLanguage":"hu"}]}},"publishpress_future_action":{"enabled":false,"date":"2026-05-02 17:53:37","action":"change-status","newStatus":"draft","terms":[],"taxonomy":"","extraData":[]},"publishpress_future_workflow_manual_trigger":{"enabledWorkflows":[]},"_links":{"self":[{"href":"https:\/\/3belazirc.hu\/wp\/wp-json\/wp\/v2\/pages\/664","targetHints":{"allow":["GET"]}}],"collection":[{"href":"https:\/\/3belazirc.hu\/wp\/wp-json\/wp\/v2\/pages"}],"about":[{"href":"https:\/\/3belazirc.hu\/wp\/wp-json\/wp\/v2\/types\/page"}],"author":[{"embeddable":true,"href":"https:\/\/3belazirc.hu\/wp\/wp-json\/wp\/v2\/users\/1"}],"replies":[{"embeddable":true,"href":"https:\/\/3belazirc.hu\/wp\/wp-json\/wp\/v2\/comments?post=664"}],"version-history":[{"count":1,"href":"https:\/\/3belazirc.hu\/wp\/wp-json\/wp\/v2\/pages\/664\/revisions"}],"predecessor-version":[{"id":678,"href":"https:\/\/3belazirc.hu\/wp\/wp-json\/wp\/v2\/pages\/664\/revisions\/678"}],"up":[{"embeddable":true,"href":"https:\/\/3belazirc.hu\/wp\/wp-json\/wp\/v2\/pages\/403"}],"wp:attachment":[{"href":"https:\/\/3belazirc.hu\/wp\/wp-json\/wp\/v2\/media?parent=664"}],"curies":[{"name":"wp","href":"https:\/\/api.w.org\/{rel}","templated":true}]}}