{"id":726,"date":"2015-05-27T15:25:43","date_gmt":"2015-05-27T13:25:43","guid":{"rendered":"http:\/\/3belazirc.hu\/wp\/?page_id=726"},"modified":"2015-11-18T11:19:30","modified_gmt":"2015-11-18T09:19:30","slug":"action-art-2013","status":"publish","type":"page","link":"https:\/\/3belazirc.hu\/wp\/kepek\/muveszeti-rendezvenyek\/action-art-2013\/","title":{"rendered":"Action ART 2013"},"content":{"rendered":"<div id='gallery-1' class='gallery galleryid-726 gallery-columns-3 gallery-size-medium'><figure class='gallery-item'>\n\t\t\t<div class='gallery-icon landscape'>\n\t\t\t\t<a href='https:\/\/3belazirc.hu\/wp\/wp-content\/uploads\/2015\/05\/1.act_.art_.13.jpg' title=\"1.act.art.13\" data-rl_title=\"1.act.art.13\" class=\"rl-gallery-link\" data-rl_caption=\"\" data-rel=\"lightbox-gallery-1\"><img decoding=\"async\" width=\"300\" height=\"186\" src=\"https:\/\/3belazirc.hu\/wp\/wp-content\/uploads\/2015\/05\/1.act_.art_.13-300x186.jpg\" class=\"attachment-medium size-medium\" alt=\"\" srcset=\"https:\/\/3belazirc.hu\/wp\/wp-content\/uploads\/2015\/05\/1.act_.art_.13-300x186.jpg 300w, https:\/\/3belazirc.hu\/wp\/wp-content\/uploads\/2015\/05\/1.act_.art_.13-800x496.jpg 800w, https:\/\/3belazirc.hu\/wp\/wp-content\/uploads\/2015\/05\/1.act_.art_.13-250x155.jpg 250w, https:\/\/3belazirc.hu\/wp\/wp-content\/uploads\/2015\/05\/1.act_.art_.13-550x341.jpg 550w, https:\/\/3belazirc.hu\/wp\/wp-content\/uploads\/2015\/05\/1.act_.art_.13-290x180.jpg 290w, https:\/\/3belazirc.hu\/wp\/wp-content\/uploads\/2015\/05\/1.act_.art_.13-484x300.jpg 484w, https:\/\/3belazirc.hu\/wp\/wp-content\/uploads\/2015\/05\/1.act_.art_.13-807x500.jpg 807w, https:\/\/3belazirc.hu\/wp\/wp-content\/uploads\/2015\/05\/1.act_.art_.13.jpg 847w\" sizes=\"(max-width: 300px) 100vw, 300px\" \/><\/a>\n\t\t\t<\/div><\/figure><figure class='gallery-item'>\n\t\t\t<div class='gallery-icon landscape'>\n\t\t\t\t<a href='https:\/\/3belazirc.hu\/wp\/wp-content\/uploads\/2015\/05\/2.act_.art_.13.jpg' title=\"2.act.art.13\" data-rl_title=\"2.act.art.13\" class=\"rl-gallery-link\" data-rl_caption=\"\" data-rel=\"lightbox-gallery-1\"><img decoding=\"async\" width=\"300\" height=\"200\" src=\"https:\/\/3belazirc.hu\/wp\/wp-content\/uploads\/2015\/05\/2.act_.art_.13-300x200.jpg\" class=\"attachment-medium size-medium\" alt=\"\" srcset=\"https:\/\/3belazirc.hu\/wp\/wp-content\/uploads\/2015\/05\/2.act_.art_.13-300x200.jpg 300w, https:\/\/3belazirc.hu\/wp\/wp-content\/uploads\/2015\/05\/2.act_.art_.13-250x167.jpg 250w, https:\/\/3belazirc.hu\/wp\/wp-content\/uploads\/2015\/05\/2.act_.art_.13-550x367.jpg 550w, https:\/\/3belazirc.hu\/wp\/wp-content\/uploads\/2015\/05\/2.act_.art_.13-270x180.jpg 270w, https:\/\/3belazirc.hu\/wp\/wp-content\/uploads\/2015\/05\/2.act_.art_.13-450x300.jpg 450w, https:\/\/3belazirc.hu\/wp\/wp-content\/uploads\/2015\/05\/2.act_.art_.13-750x500.jpg 750w, https:\/\/3belazirc.hu\/wp\/wp-content\/uploads\/2015\/05\/2.act_.art_.13.jpg 787w\" sizes=\"(max-width: 300px) 100vw, 300px\" \/><\/a>\n\t\t\t<\/div><\/figure><figure class='gallery-item'>\n\t\t\t<div class='gallery-icon landscape'>\n\t\t\t\t<a href='https:\/\/3belazirc.hu\/wp\/wp-content\/uploads\/2015\/05\/3.act_.art_.13.jpg' title=\"3.act.art.13\" data-rl_title=\"3.act.art.13\" class=\"rl-gallery-link\" data-rl_caption=\"\" data-rel=\"lightbox-gallery-1\"><img decoding=\"async\" width=\"300\" height=\"199\" src=\"https:\/\/3belazirc.hu\/wp\/wp-content\/uploads\/2015\/05\/3.act_.art_.13-300x199.jpg\" class=\"attachment-medium size-medium\" alt=\"\" srcset=\"https:\/\/3belazirc.hu\/wp\/wp-content\/uploads\/2015\/05\/3.act_.art_.13-300x199.jpg 300w, https:\/\/3belazirc.hu\/wp\/wp-content\/uploads\/2015\/05\/3.act_.art_.13-250x166.jpg 250w, https:\/\/3belazirc.hu\/wp\/wp-content\/uploads\/2015\/05\/3.act_.art_.13-550x366.jpg 550w, https:\/\/3belazirc.hu\/wp\/wp-content\/uploads\/2015\/05\/3.act_.art_.13-271x180.jpg 271w, https:\/\/3belazirc.hu\/wp\/wp-content\/uploads\/2015\/05\/3.act_.art_.13-451x300.jpg 451w, https:\/\/3belazirc.hu\/wp\/wp-content\/uploads\/2015\/05\/3.act_.art_.13-752x500.jpg 752w, https:\/\/3belazirc.hu\/wp\/wp-content\/uploads\/2015\/05\/3.act_.art_.13.jpg 790w\" sizes=\"(max-width: 300px) 100vw, 300px\" \/><\/a>\n\t\t\t<\/div><\/figure><figure class='gallery-item'>\n\t\t\t<div class='gallery-icon landscape'>\n\t\t\t\t<a href='https:\/\/3belazirc.hu\/wp\/wp-content\/uploads\/2015\/05\/4.act_.art_.13.jpg' title=\"4.act.art.13\" data-rl_title=\"4.act.art.13\" class=\"rl-gallery-link\" data-rl_caption=\"\" data-rel=\"lightbox-gallery-1\"><img decoding=\"async\" width=\"300\" height=\"199\" src=\"https:\/\/3belazirc.hu\/wp\/wp-content\/uploads\/2015\/05\/4.act_.art_.13-300x199.jpg\" class=\"attachment-medium size-medium\" alt=\"\" srcset=\"https:\/\/3belazirc.hu\/wp\/wp-content\/uploads\/2015\/05\/4.act_.art_.13-300x199.jpg 300w, https:\/\/3belazirc.hu\/wp\/wp-content\/uploads\/2015\/05\/4.act_.art_.13-250x166.jpg 250w, https:\/\/3belazirc.hu\/wp\/wp-content\/uploads\/2015\/05\/4.act_.art_.13-550x366.jpg 550w, https:\/\/3belazirc.hu\/wp\/wp-content\/uploads\/2015\/05\/4.act_.art_.13-271x180.jpg 271w, https:\/\/3belazirc.hu\/wp\/wp-content\/uploads\/2015\/05\/4.act_.art_.13-451x300.jpg 451w, https:\/\/3belazirc.hu\/wp\/wp-content\/uploads\/2015\/05\/4.act_.art_.13-752x500.jpg 752w, https:\/\/3belazirc.hu\/wp\/wp-content\/uploads\/2015\/05\/4.act_.art_.13.jpg 790w\" sizes=\"(max-width: 300px) 100vw, 300px\" \/><\/a>\n\t\t\t<\/div><\/figure><figure class='gallery-item'>\n\t\t\t<div class='gallery-icon landscape'>\n\t\t\t\t<a href='https:\/\/3belazirc.hu\/wp\/wp-content\/uploads\/2015\/05\/5.act_.art_.13.jpg' title=\"5.act.art.13\" data-rl_title=\"5.act.art.13\" class=\"rl-gallery-link\" data-rl_caption=\"\" data-rel=\"lightbox-gallery-1\"><img decoding=\"async\" width=\"300\" height=\"199\" src=\"https:\/\/3belazirc.hu\/wp\/wp-content\/uploads\/2015\/05\/5.act_.art_.13-300x199.jpg\" class=\"attachment-medium size-medium\" alt=\"\" srcset=\"https:\/\/3belazirc.hu\/wp\/wp-content\/uploads\/2015\/05\/5.act_.art_.13-300x199.jpg 300w, https:\/\/3belazirc.hu\/wp\/wp-content\/uploads\/2015\/05\/5.act_.art_.13-250x166.jpg 250w, https:\/\/3belazirc.hu\/wp\/wp-content\/uploads\/2015\/05\/5.act_.art_.13-550x366.jpg 550w, https:\/\/3belazirc.hu\/wp\/wp-content\/uploads\/2015\/05\/5.act_.art_.13-271x180.jpg 271w, https:\/\/3belazirc.hu\/wp\/wp-content\/uploads\/2015\/05\/5.act_.art_.13-451x300.jpg 451w, https:\/\/3belazirc.hu\/wp\/wp-content\/uploads\/2015\/05\/5.act_.art_.13-752x500.jpg 752w, https:\/\/3belazirc.hu\/wp\/wp-content\/uploads\/2015\/05\/5.act_.art_.13.jpg 790w\" sizes=\"(max-width: 300px) 100vw, 300px\" \/><\/a>\n\t\t\t<\/div><\/figure><figure class='gallery-item'>\n\t\t\t<div class='gallery-icon landscape'>\n\t\t\t\t<a href='https:\/\/3belazirc.hu\/wp\/wp-content\/uploads\/2015\/05\/6.act_.art_.13.jpg' title=\"6.act.art.13\" data-rl_title=\"6.act.art.13\" class=\"rl-gallery-link\" data-rl_caption=\"\" data-rel=\"lightbox-gallery-1\"><img decoding=\"async\" width=\"300\" height=\"199\" src=\"https:\/\/3belazirc.hu\/wp\/wp-content\/uploads\/2015\/05\/6.act_.art_.13-300x199.jpg\" class=\"attachment-medium size-medium\" alt=\"\" srcset=\"https:\/\/3belazirc.hu\/wp\/wp-content\/uploads\/2015\/05\/6.act_.art_.13-300x199.jpg 300w, https:\/\/3belazirc.hu\/wp\/wp-content\/uploads\/2015\/05\/6.act_.art_.13-250x166.jpg 250w, https:\/\/3belazirc.hu\/wp\/wp-content\/uploads\/2015\/05\/6.act_.art_.13-550x366.jpg 550w, https:\/\/3belazirc.hu\/wp\/wp-content\/uploads\/2015\/05\/6.act_.art_.13-271x180.jpg 271w, https:\/\/3belazirc.hu\/wp\/wp-content\/uploads\/2015\/05\/6.act_.art_.13-451x300.jpg 451w, https:\/\/3belazirc.hu\/wp\/wp-content\/uploads\/2015\/05\/6.act_.art_.13-752x500.jpg 752w, https:\/\/3belazirc.hu\/wp\/wp-content\/uploads\/2015\/05\/6.act_.art_.13.jpg 790w\" sizes=\"(max-width: 300px) 100vw, 300px\" \/><\/a>\n\t\t\t<\/div><\/figure><figure class='gallery-item'>\n\t\t\t<div class='gallery-icon landscape'>\n\t\t\t\t<a href='https:\/\/3belazirc.hu\/wp\/wp-content\/uploads\/2015\/05\/7.act_.art_.13.jpg' title=\"7.act.art.13\" data-rl_title=\"7.act.art.13\" class=\"rl-gallery-link\" data-rl_caption=\"\" data-rel=\"lightbox-gallery-1\"><img decoding=\"async\" width=\"300\" height=\"199\" src=\"https:\/\/3belazirc.hu\/wp\/wp-content\/uploads\/2015\/05\/7.act_.art_.13-300x199.jpg\" class=\"attachment-medium size-medium\" alt=\"\" srcset=\"https:\/\/3belazirc.hu\/wp\/wp-content\/uploads\/2015\/05\/7.act_.art_.13-300x199.jpg 300w, https:\/\/3belazirc.hu\/wp\/wp-content\/uploads\/2015\/05\/7.act_.art_.13-250x166.jpg 250w, https:\/\/3belazirc.hu\/wp\/wp-content\/uploads\/2015\/05\/7.act_.art_.13-550x366.jpg 550w, https:\/\/3belazirc.hu\/wp\/wp-content\/uploads\/2015\/05\/7.act_.art_.13-271x180.jpg 271w, https:\/\/3belazirc.hu\/wp\/wp-content\/uploads\/2015\/05\/7.act_.art_.13-451x300.jpg 451w, https:\/\/3belazirc.hu\/wp\/wp-content\/uploads\/2015\/05\/7.act_.art_.13-752x500.jpg 752w, https:\/\/3belazirc.hu\/wp\/wp-content\/uploads\/2015\/05\/7.act_.art_.13.jpg 790w\" sizes=\"(max-width: 300px) 100vw, 300px\" \/><\/a>\n\t\t\t<\/div><\/figure><figure class='gallery-item'>\n\t\t\t<div class='gallery-icon landscape'>\n\t\t\t\t<a href='https:\/\/3belazirc.hu\/wp\/wp-content\/uploads\/2015\/05\/8.act_.art_.13.jpg' title=\"8.act.art.13\" data-rl_title=\"8.act.art.13\" class=\"rl-gallery-link\" data-rl_caption=\"\" data-rel=\"lightbox-gallery-1\"><img decoding=\"async\" width=\"300\" height=\"200\" src=\"https:\/\/3belazirc.hu\/wp\/wp-content\/uploads\/2015\/05\/8.act_.art_.13-300x200.jpg\" class=\"attachment-medium size-medium\" alt=\"\" srcset=\"https:\/\/3belazirc.hu\/wp\/wp-content\/uploads\/2015\/05\/8.act_.art_.13-300x200.jpg 300w, https:\/\/3belazirc.hu\/wp\/wp-content\/uploads\/2015\/05\/8.act_.art_.13-250x167.jpg 250w, https:\/\/3belazirc.hu\/wp\/wp-content\/uploads\/2015\/05\/8.act_.art_.13-550x366.jpg 550w, https:\/\/3belazirc.hu\/wp\/wp-content\/uploads\/2015\/05\/8.act_.art_.13-270x180.jpg 270w, https:\/\/3belazirc.hu\/wp\/wp-content\/uploads\/2015\/05\/8.act_.art_.13-450x300.jpg 450w, https:\/\/3belazirc.hu\/wp\/wp-content\/uploads\/2015\/05\/8.act_.art_.13-750x500.jpg 750w, https:\/\/3belazirc.hu\/wp\/wp-content\/uploads\/2015\/05\/8.act_.art_.13.jpg 788w\" sizes=\"(max-width: 300px) 100vw, 300px\" \/><\/a>\n\t\t\t<\/div><\/figure><figure class='gallery-item'>\n\t\t\t<div class='gallery-icon portrait'>\n\t\t\t\t<a href='https:\/\/3belazirc.hu\/wp\/wp-content\/uploads\/2015\/05\/9.act_.art_.13.jpg' title=\"9.act.art.13\" data-rl_title=\"9.act.art.13\" class=\"rl-gallery-link\" data-rl_caption=\"\" data-rel=\"lightbox-gallery-1\"><img decoding=\"async\" width=\"200\" height=\"300\" src=\"https:\/\/3belazirc.hu\/wp\/wp-content\/uploads\/2015\/05\/9.act_.art_.13-200x300.jpg\" class=\"attachment-medium size-medium\" alt=\"\" srcset=\"https:\/\/3belazirc.hu\/wp\/wp-content\/uploads\/2015\/05\/9.act_.art_.13-200x300.jpg 200w, https:\/\/3belazirc.hu\/wp\/wp-content\/uploads\/2015\/05\/9.act_.art_.13-250x375.jpg 250w, https:\/\/3belazirc.hu\/wp\/wp-content\/uploads\/2015\/05\/9.act_.art_.13-120x180.jpg 120w, https:\/\/3belazirc.hu\/wp\/wp-content\/uploads\/2015\/05\/9.act_.art_.13-333x500.jpg 333w, https:\/\/3belazirc.hu\/wp\/wp-content\/uploads\/2015\/05\/9.act_.art_.13.jpg 350w\" sizes=\"(max-width: 200px) 100vw, 200px\" \/><\/a>\n\t\t\t<\/div><\/figure><figure class='gallery-item'>\n\t\t\t<div class='gallery-icon portrait'>\n\t\t\t\t<a href='https:\/\/3belazirc.hu\/wp\/wp-content\/uploads\/2015\/05\/10.act_.art_.13.jpg' title=\"10.act.art.13\" data-rl_title=\"10.act.art.13\" class=\"rl-gallery-link\" data-rl_caption=\"\" data-rel=\"lightbox-gallery-1\"><img decoding=\"async\" width=\"200\" height=\"300\" src=\"https:\/\/3belazirc.hu\/wp\/wp-content\/uploads\/2015\/05\/10.act_.art_.13-200x300.jpg\" class=\"attachment-medium size-medium\" alt=\"\" srcset=\"https:\/\/3belazirc.hu\/wp\/wp-content\/uploads\/2015\/05\/10.act_.art_.13-200x300.jpg 200w, https:\/\/3belazirc.hu\/wp\/wp-content\/uploads\/2015\/05\/10.act_.art_.13-250x375.jpg 250w, https:\/\/3belazirc.hu\/wp\/wp-content\/uploads\/2015\/05\/10.act_.art_.13-120x180.jpg 120w, https:\/\/3belazirc.hu\/wp\/wp-content\/uploads\/2015\/05\/10.act_.art_.13-333x500.jpg 333w, https:\/\/3belazirc.hu\/wp\/wp-content\/uploads\/2015\/05\/10.act_.art_.13.jpg 350w\" sizes=\"(max-width: 200px) 100vw, 200px\" \/><\/a>\n\t\t\t<\/div><\/figure><figure class='gallery-item'>\n\t\t\t<div class='gallery-icon landscape'>\n\t\t\t\t<a href='https:\/\/3belazirc.hu\/wp\/wp-content\/uploads\/2015\/05\/11.act_.art_.13.jpg' title=\"11.act.art.13\" data-rl_title=\"11.act.art.13\" class=\"rl-gallery-link\" data-rl_caption=\"\" data-rel=\"lightbox-gallery-1\"><img decoding=\"async\" width=\"300\" height=\"200\" src=\"https:\/\/3belazirc.hu\/wp\/wp-content\/uploads\/2015\/05\/11.act_.art_.13-300x200.jpg\" class=\"attachment-medium size-medium\" alt=\"\" srcset=\"https:\/\/3belazirc.hu\/wp\/wp-content\/uploads\/2015\/05\/11.act_.art_.13-300x200.jpg 300w, https:\/\/3belazirc.hu\/wp\/wp-content\/uploads\/2015\/05\/11.act_.art_.13-250x167.jpg 250w, https:\/\/3belazirc.hu\/wp\/wp-content\/uploads\/2015\/05\/11.act_.art_.13-550x366.jpg 550w, https:\/\/3belazirc.hu\/wp\/wp-content\/uploads\/2015\/05\/11.act_.art_.13-270x180.jpg 270w, https:\/\/3belazirc.hu\/wp\/wp-content\/uploads\/2015\/05\/11.act_.art_.13-450x300.jpg 450w, https:\/\/3belazirc.hu\/wp\/wp-content\/uploads\/2015\/05\/11.act_.art_.13-750x500.jpg 750w, https:\/\/3belazirc.hu\/wp\/wp-content\/uploads\/2015\/05\/11.act_.art_.13.jpg 788w\" sizes=\"(max-width: 300px) 100vw, 300px\" \/><\/a>\n\t\t\t<\/div><\/figure>\n\t\t<\/div>\n\n","protected":false},"excerpt":{"rendered":"","protected":false},"author":1,"featured_media":0,"parent":403,"menu_order":0,"comment_status":"closed","ping_status":"open","template":"nosidebar.php","meta":{"_crdt_document":"","footnotes":""},"class_list":["post-726","page","type-page","status-publish","hentry"],"yoast_head":"<!-- This site is optimized with the Yoast SEO plugin v27.4 - https:\/\/yoast.com\/product\/yoast-seo-wordpress\/ -->\n<title>Action ART 2013 - III. B\u00e9la Gimn\u00e1zium, M\u0171v\u00e9szeti Szakgimn\u00e1zium \u00e9s Alapfok\u00fa M\u0171v\u00e9szeti Iskola<\/title>\n<meta name=\"robots\" content=\"index, follow, max-snippet:-1, max-image-preview:large, max-video-preview:-1\" \/>\n<link rel=\"canonical\" href=\"https:\/\/3belazirc.hu\/wp\/kepek\/muveszeti-rendezvenyek\/action-art-2013\/\" \/>\n<meta property=\"og:locale\" content=\"hu_HU\" \/>\n<meta property=\"og:type\" content=\"article\" \/>\n<meta property=\"og:title\" content=\"Action ART 2013 - III. B\u00e9la Gimn\u00e1zium, M\u0171v\u00e9szeti Szakgimn\u00e1zium \u00e9s Alapfok\u00fa M\u0171v\u00e9szeti Iskola\" \/>\n<meta property=\"og:url\" content=\"https:\/\/3belazirc.hu\/wp\/kepek\/muveszeti-rendezvenyek\/action-art-2013\/\" \/>\n<meta property=\"og:site_name\" content=\"III. B\u00e9la Gimn\u00e1zium, M\u0171v\u00e9szeti Szakgimn\u00e1zium \u00e9s Alapfok\u00fa M\u0171v\u00e9szeti Iskola\" \/>\n<meta property=\"article:publisher\" content=\"https:\/\/www.facebook.com\/3belazirc\/\" \/>\n<meta property=\"article:modified_time\" content=\"2015-11-18T09:19:30+00:00\" \/>\n<meta property=\"og:image\" content=\"https:\/\/3belazirc.hu\/wp\/wp-content\/uploads\/2015\/05\/1.act_.art_.13-300x186.jpg\" \/>\n<meta name=\"twitter:card\" content=\"summary_large_image\" \/>\n<script type=\"application\/ld+json\" class=\"yoast-schema-graph\">{\"@context\":\"https:\\\/\\\/schema.org\",\"@graph\":[{\"@type\":\"WebPage\",\"@id\":\"https:\\\/\\\/3belazirc.hu\\\/wp\\\/kepek\\\/muveszeti-rendezvenyek\\\/action-art-2013\\\/\",\"url\":\"https:\\\/\\\/3belazirc.hu\\\/wp\\\/kepek\\\/muveszeti-rendezvenyek\\\/action-art-2013\\\/\",\"name\":\"Action ART 2013 - III. B\u00e9la Gimn\u00e1zium, M\u0171v\u00e9szeti Szakgimn\u00e1zium \u00e9s Alapfok\u00fa M\u0171v\u00e9szeti Iskola\",\"isPartOf\":{\"@id\":\"https:\\\/\\\/3belazirc.hu\\\/wp\\\/#website\"},\"datePublished\":\"2015-05-27T13:25:43+00:00\",\"dateModified\":\"2015-11-18T09:19:30+00:00\",\"breadcrumb\":{\"@id\":\"https:\\\/\\\/3belazirc.hu\\\/wp\\\/kepek\\\/muveszeti-rendezvenyek\\\/action-art-2013\\\/#breadcrumb\"},\"inLanguage\":\"hu\",\"potentialAction\":[{\"@type\":\"ReadAction\",\"target\":[\"https:\\\/\\\/3belazirc.hu\\\/wp\\\/kepek\\\/muveszeti-rendezvenyek\\\/action-art-2013\\\/\"]}]},{\"@type\":\"BreadcrumbList\",\"@id\":\"https:\\\/\\\/3belazirc.hu\\\/wp\\\/kepek\\\/muveszeti-rendezvenyek\\\/action-art-2013\\\/#breadcrumb\",\"itemListElement\":[{\"@type\":\"ListItem\",\"position\":1,\"name\":\"Home\",\"item\":\"https:\\\/\\\/3belazirc.hu\\\/wp\\\/\"},{\"@type\":\"ListItem\",\"position\":2,\"name\":\"K\u00e9pek\",\"item\":\"https:\\\/\\\/3belazirc.hu\\\/wp\\\/kepek\\\/\"},{\"@type\":\"ListItem\",\"position\":3,\"name\":\"M\u0171v\u00e9szeti rendezv\u00e9nyek\",\"item\":\"https:\\\/\\\/3belazirc.hu\\\/wp\\\/kepek\\\/muveszeti-rendezvenyek\\\/\"},{\"@type\":\"ListItem\",\"position\":4,\"name\":\"Action ART 2013\"}]},{\"@type\":\"WebSite\",\"@id\":\"https:\\\/\\\/3belazirc.hu\\\/wp\\\/#website\",\"url\":\"https:\\\/\\\/3belazirc.hu\\\/wp\\\/\",\"name\":\"III. B\u00e9la Gimn\u00e1zium, M\u0171v\u00e9szeti Szakgimn\u00e1zium \u00e9s AMI\",\"description\":\"8420, Zirc K\u00f6zt\u00e1rsas\u00e1g utca 9. | tel: 88\\\/414-449 | mobil: 06-30-811-3176 | email: 3bela@bela-zirc.edu.hu | www.facebook.com\\\/iiibelazirc www.facebook.com\\\/zircizeneiskola\",\"potentialAction\":[{\"@type\":\"SearchAction\",\"target\":{\"@type\":\"EntryPoint\",\"urlTemplate\":\"https:\\\/\\\/3belazirc.hu\\\/wp\\\/?s={search_term_string}\"},\"query-input\":{\"@type\":\"PropertyValueSpecification\",\"valueRequired\":true,\"valueName\":\"search_term_string\"}}],\"inLanguage\":\"hu\"}]}<\/script>\n<!-- \/ Yoast SEO plugin. -->","yoast_head_json":{"title":"Action ART 2013 - III. B\u00e9la Gimn\u00e1zium, M\u0171v\u00e9szeti Szakgimn\u00e1zium \u00e9s Alapfok\u00fa M\u0171v\u00e9szeti Iskola","robots":{"index":"index","follow":"follow","max-snippet":"max-snippet:-1","max-image-preview":"max-image-preview:large","max-video-preview":"max-video-preview:-1"},"canonical":"https:\/\/3belazirc.hu\/wp\/kepek\/muveszeti-rendezvenyek\/action-art-2013\/","og_locale":"hu_HU","og_type":"article","og_title":"Action ART 2013 - III. B\u00e9la Gimn\u00e1zium, M\u0171v\u00e9szeti Szakgimn\u00e1zium \u00e9s Alapfok\u00fa M\u0171v\u00e9szeti Iskola","og_url":"https:\/\/3belazirc.hu\/wp\/kepek\/muveszeti-rendezvenyek\/action-art-2013\/","og_site_name":"III. B\u00e9la Gimn\u00e1zium, M\u0171v\u00e9szeti Szakgimn\u00e1zium \u00e9s Alapfok\u00fa M\u0171v\u00e9szeti Iskola","article_publisher":"https:\/\/www.facebook.com\/3belazirc\/","article_modified_time":"2015-11-18T09:19:30+00:00","og_image":[{"url":"https:\/\/3belazirc.hu\/wp\/wp-content\/uploads\/2015\/05\/1.act_.art_.13-300x186.jpg","type":"","width":"","height":""}],"twitter_card":"summary_large_image","schema":{"@context":"https:\/\/schema.org","@graph":[{"@type":"WebPage","@id":"https:\/\/3belazirc.hu\/wp\/kepek\/muveszeti-rendezvenyek\/action-art-2013\/","url":"https:\/\/3belazirc.hu\/wp\/kepek\/muveszeti-rendezvenyek\/action-art-2013\/","name":"Action ART 2013 - III. B\u00e9la Gimn\u00e1zium, M\u0171v\u00e9szeti Szakgimn\u00e1zium \u00e9s Alapfok\u00fa M\u0171v\u00e9szeti Iskola","isPartOf":{"@id":"https:\/\/3belazirc.hu\/wp\/#website"},"datePublished":"2015-05-27T13:25:43+00:00","dateModified":"2015-11-18T09:19:30+00:00","breadcrumb":{"@id":"https:\/\/3belazirc.hu\/wp\/kepek\/muveszeti-rendezvenyek\/action-art-2013\/#breadcrumb"},"inLanguage":"hu","potentialAction":[{"@type":"ReadAction","target":["https:\/\/3belazirc.hu\/wp\/kepek\/muveszeti-rendezvenyek\/action-art-2013\/"]}]},{"@type":"BreadcrumbList","@id":"https:\/\/3belazirc.hu\/wp\/kepek\/muveszeti-rendezvenyek\/action-art-2013\/#breadcrumb","itemListElement":[{"@type":"ListItem","position":1,"name":"Home","item":"https:\/\/3belazirc.hu\/wp\/"},{"@type":"ListItem","position":2,"name":"K\u00e9pek","item":"https:\/\/3belazirc.hu\/wp\/kepek\/"},{"@type":"ListItem","position":3,"name":"M\u0171v\u00e9szeti rendezv\u00e9nyek","item":"https:\/\/3belazirc.hu\/wp\/kepek\/muveszeti-rendezvenyek\/"},{"@type":"ListItem","position":4,"name":"Action ART 2013"}]},{"@type":"WebSite","@id":"https:\/\/3belazirc.hu\/wp\/#website","url":"https:\/\/3belazirc.hu\/wp\/","name":"III. B\u00e9la Gimn\u00e1zium, M\u0171v\u00e9szeti Szakgimn\u00e1zium \u00e9s AMI","description":"8420, Zirc K\u00f6zt\u00e1rsas\u00e1g utca 9. | tel: 88\/414-449 | mobil: 06-30-811-3176 | email: 3bela@bela-zirc.edu.hu | www.facebook.com\/iiibelazirc www.facebook.com\/zircizeneiskola","potentialAction":[{"@type":"SearchAction","target":{"@type":"EntryPoint","urlTemplate":"https:\/\/3belazirc.hu\/wp\/?s={search_term_string}"},"query-input":{"@type":"PropertyValueSpecification","valueRequired":true,"valueName":"search_term_string"}}],"inLanguage":"hu"}]}},"publishpress_future_action":{"enabled":false,"date":"2026-05-02 17:53:38","action":"change-status","newStatus":"draft","terms":[],"taxonomy":"","extraData":[]},"publishpress_future_workflow_manual_trigger":{"enabledWorkflows":[]},"_links":{"self":[{"href":"https:\/\/3belazirc.hu\/wp\/wp-json\/wp\/v2\/pages\/726","targetHints":{"allow":["GET"]}}],"collection":[{"href":"https:\/\/3belazirc.hu\/wp\/wp-json\/wp\/v2\/pages"}],"about":[{"href":"https:\/\/3belazirc.hu\/wp\/wp-json\/wp\/v2\/types\/page"}],"author":[{"embeddable":true,"href":"https:\/\/3belazirc.hu\/wp\/wp-json\/wp\/v2\/users\/1"}],"replies":[{"embeddable":true,"href":"https:\/\/3belazirc.hu\/wp\/wp-json\/wp\/v2\/comments?post=726"}],"version-history":[{"count":1,"href":"https:\/\/3belazirc.hu\/wp\/wp-json\/wp\/v2\/pages\/726\/revisions"}],"predecessor-version":[{"id":738,"href":"https:\/\/3belazirc.hu\/wp\/wp-json\/wp\/v2\/pages\/726\/revisions\/738"}],"up":[{"embeddable":true,"href":"https:\/\/3belazirc.hu\/wp\/wp-json\/wp\/v2\/pages\/403"}],"wp:attachment":[{"href":"https:\/\/3belazirc.hu\/wp\/wp-json\/wp\/v2\/media?parent=726"}],"curies":[{"name":"wp","href":"https:\/\/api.w.org\/{rel}","templated":true}]}}