{"id":8136,"date":"2021-06-09T08:08:44","date_gmt":"2021-06-09T06:08:44","guid":{"rendered":"https:\/\/3belazirc.hu\/wp\/?page_id=8136"},"modified":"2021-06-09T08:08:44","modified_gmt":"2021-06-09T06:08:44","slug":"nyari-szakmai-gyakorlat-rac-csenge","status":"publish","type":"page","link":"https:\/\/3belazirc.hu\/wp\/nyari-szakmai-gyakorlat-rac-csenge\/","title":{"rendered":"Ny\u00e1ri szakmai gyakorlat &#8211; R\u00e1c Csenge"},"content":{"rendered":"<link rel='stylesheet' media=\"all\" href=\"https:\/\/3belazirc.hu\/wp\/wp-content\/plugins\/appointment-hour-booking\/templates\/11\/style.css\" type=\"text\/css\" \/><form class=\"cpp_form no-prefetch\" name=\"cp_appbooking_pform_1\" id=\"cp_appbooking_pform_1\" action=\"\" method=\"post\" enctype=\"multipart\/form-data\" onsubmit=\"return cp_appbooking_pform_doValidate_1(this);\"><input type=\"hidden\" name=\"cp_pform_psequence\" value=\"_1\" \/><input type=\"hidden\" name=\"cp_appbooking_pform_process\" value=\"1\" \/><input type=\"hidden\" name=\"cp_appbooking_id\" value=\"38\" \/><input type=\"hidden\" name=\"cp_ref_page\" value=\"\" \/><input type=\"hidden\" name=\"form_structure_1\" id=\"form_structure_1\" size=\"180\" value=\"[[{&quot;form_identifier&quot;:&quot;&quot;,&quot;name&quot;:&quot;fieldname1&quot;,&quot;shortlabel&quot;:&quot;&quot;,&quot;index&quot;:0,&quot;ftype&quot;:&quot;fapp&quot;,&quot;userhelp&quot;:&quot;&quot;,&quot;userhelpTooltip&quot;:&quot;&quot;,&quot;csslayout&quot;:&quot;&quot;,&quot;title&quot;:&quot;Appointment&quot;,&quot;services&quot;:[{&quot;name&quot;:&quot;Service 1&quot;,&quot;price&quot;:1,&quot;duration&quot;:60}],&quot;openhours&quot;:[{&quot;name&quot;:&quot;Default&quot;,&quot;openhours&quot;:[{&quot;type&quot;:&quot;all&quot;,&quot;d&quot;:&quot;&quot;,&quot;h1&quot;:8,&quot;m1&quot;:0,&quot;h2&quot;:17,&quot;m2&quot;:0}]}],&quot;allOH&quot;:[{&quot;name&quot;:&quot;Default&quot;,&quot;openhours&quot;:[{&quot;type&quot;:&quot;all&quot;,&quot;d&quot;:&quot;&quot;,&quot;h1&quot;:8,&quot;m1&quot;:0,&quot;h2&quot;:17,&quot;m2&quot;:0}]}],&quot;dateFormat&quot;:&quot;mm\\\/dd\\\/yy&quot;,&quot;showDropdown&quot;:false,&quot;dropdownRange&quot;:&quot;-10:+10&quot;,&quot;working_dates&quot;:[true,true,true,true,true,true,true],&quot;numberOfMonths&quot;:1,&quot;firstDay&quot;:0,&quot;minDate&quot;:&quot;0&quot;,&quot;maxDate&quot;:&quot;&quot;,&quot;defaultDate&quot;:&quot;&quot;,&quot;invalidDates&quot;:&quot;&quot;,&quot;required&quot;:true,&quot;fBuild&quot;:{}},{&quot;form_identifier&quot;:&quot;&quot;,&quot;name&quot;:&quot;email&quot;,&quot;shortlabel&quot;:&quot;&quot;,&quot;index&quot;:1,&quot;ftype&quot;:&quot;femail&quot;,&quot;userhelp&quot;:&quot;&quot;,&quot;userhelpTooltip&quot;:&quot;&quot;,&quot;csslayout&quot;:&quot;&quot;,&quot;title&quot;:&quot;E-mail c\\u00edm&quot;,&quot;predefined&quot;:&quot;&quot;,&quot;predefinedClick&quot;:false,&quot;required&quot;:true,&quot;size&quot;:&quot;medium&quot;,&quot;equalTo&quot;:&quot;&quot;,&quot;fBuild&quot;:{}}],[{&quot;title&quot;:&quot;&quot;,&quot;description&quot;:&quot;&quot;,&quot;formlayout&quot;:&quot;top_aligned&quot;,&quot;formtemplate&quot;:&quot;ahb_m5&quot;,&quot;evalequations&quot;:1,&quot;autocomplete&quot;:1}]]\" \/><input type=\"hidden\" name=\"refpage_1\" id=\"refpage_1\" value=\"\"><input type=\"hidden\" name=\"cp_appbooking_pform_status\" value=\"0\" \/><input name=\"anonce\" type=\"hidden\" value=\"e2505c5754\"\/>\r\n<div id=\"fbuilder\">\r\n    <div id=\"fbuilder_1\">\r\n        <div id=\"formheader_1\"><\/div>\r\n        <div id=\"fieldlist_1\"><\/div>\r\n    <\/div>\r\n<\/div>\r\n<div style=\"display:none\">\r\n<div id=\"cpcaptchalayer_1\" class=\"cpcaptchalayer\">\r\n <div class=\"fields\" id=\"field-c0\" style=\"display:none\">\r\n    <label><\/label>\r\n    <div class=\"dfield\"><!--addons-payment-options--><\/div>\r\n    <div class=\"clearer\"><\/div>\r\n <\/div>\r\n  Biztons\u00e1gi k\u00f3d:<br \/>\r\n  <img decoding=\"async\" src=\"https:\/\/3belazirc.hu\/wp\/?cp_appbooking_captcha=captcha&amp;ps=_1&amp;inAdmin=1&amp;width=180&amp;height=60&amp;letter_count=5&amp;min_size=25&amp;max_size=35&amp;noise=200&amp;noiselength=4&amp;bcolor=ffffff&amp;border=ffffff&amp;font=font1\"  id=\"captchaimg_1\" alt=\"security code\" border=\"0\" class=\"skip-lazy\" \/>\r\n  <br \/>K\u00e9rj\u00fck, \u00edrja be a biztons\u00e1gi k\u00f3dot:<br \/>\r\n  <div class=\"dfield\"><input type=\"text\" size=\"20\" name=\"hdcaptcha_cp_appbooking_post\" id=\"hdcaptcha_cp_appbooking_post_1\" value=\"\" autocomplete=\"off\" \/>\r\n  <div class=\"cpefb_error message\" id=\"hdcaptcha_error_1\" generated=\"true\" style=\"display:none;position: absolute; left: 0px; top: 25px;\">Adjon meg egy \u00e9rv\u00e9nyes captcha k\u00f3dot.<\/div>\r\n  <\/div><br \/>\r\n<!-- rcadon -->\r\n<\/div>\r\n<\/div>\r\n<div id=\"cp_subbtn_1\" class=\"cp_subbtn\">Submit<\/div>\r\n<div style=\"clear:both;\"><\/div>\r\n<\/form>\r\n\n","protected":false},"excerpt":{"rendered":"","protected":false},"author":1,"featured_media":0,"parent":0,"menu_order":0,"comment_status":"closed","ping_status":"closed","template":"","meta":{"_crdt_document":"","footnotes":""},"class_list":["post-8136","page","type-page","status-publish","hentry"],"yoast_head":"<!-- This site is optimized with the Yoast SEO plugin v27.4 - https:\/\/yoast.com\/product\/yoast-seo-wordpress\/ -->\n<title>Ny\u00e1ri szakmai gyakorlat - R\u00e1c Csenge - III. B\u00e9la Gimn\u00e1zium, M\u0171v\u00e9szeti Szakgimn\u00e1zium \u00e9s Alapfok\u00fa M\u0171v\u00e9szeti Iskola<\/title>\n<meta name=\"robots\" content=\"index, follow, max-snippet:-1, max-image-preview:large, max-video-preview:-1\" \/>\n<link rel=\"canonical\" href=\"https:\/\/3belazirc.hu\/wp\/nyari-szakmai-gyakorlat-rac-csenge\/\" \/>\n<meta property=\"og:locale\" content=\"hu_HU\" \/>\n<meta property=\"og:type\" content=\"article\" \/>\n<meta property=\"og:title\" content=\"Ny\u00e1ri szakmai gyakorlat - R\u00e1c Csenge - III. B\u00e9la Gimn\u00e1zium, M\u0171v\u00e9szeti Szakgimn\u00e1zium \u00e9s Alapfok\u00fa M\u0171v\u00e9szeti Iskola\" \/>\n<meta property=\"og:url\" content=\"https:\/\/3belazirc.hu\/wp\/nyari-szakmai-gyakorlat-rac-csenge\/\" \/>\n<meta property=\"og:site_name\" content=\"III. B\u00e9la Gimn\u00e1zium, M\u0171v\u00e9szeti Szakgimn\u00e1zium \u00e9s Alapfok\u00fa M\u0171v\u00e9szeti Iskola\" \/>\n<meta property=\"article:publisher\" content=\"https:\/\/www.facebook.com\/3belazirc\/\" \/>\n<meta name=\"twitter:card\" content=\"summary_large_image\" \/>\n<meta name=\"twitter:label1\" content=\"Becs\u00fclt olvas\u00e1si id\u0151\" \/>\n\t<meta name=\"twitter:data1\" content=\"1 perc\" \/>\n<script type=\"application\/ld+json\" class=\"yoast-schema-graph\">{\"@context\":\"https:\\\/\\\/schema.org\",\"@graph\":[{\"@type\":\"WebPage\",\"@id\":\"https:\\\/\\\/3belazirc.hu\\\/wp\\\/nyari-szakmai-gyakorlat-rac-csenge\\\/\",\"url\":\"https:\\\/\\\/3belazirc.hu\\\/wp\\\/nyari-szakmai-gyakorlat-rac-csenge\\\/\",\"name\":\"Ny\u00e1ri szakmai gyakorlat - R\u00e1c Csenge - III. B\u00e9la Gimn\u00e1zium, M\u0171v\u00e9szeti Szakgimn\u00e1zium \u00e9s Alapfok\u00fa M\u0171v\u00e9szeti Iskola\",\"isPartOf\":{\"@id\":\"https:\\\/\\\/3belazirc.hu\\\/wp\\\/#website\"},\"datePublished\":\"2021-06-09T06:08:44+00:00\",\"breadcrumb\":{\"@id\":\"https:\\\/\\\/3belazirc.hu\\\/wp\\\/nyari-szakmai-gyakorlat-rac-csenge\\\/#breadcrumb\"},\"inLanguage\":\"hu\",\"potentialAction\":[{\"@type\":\"ReadAction\",\"target\":[\"https:\\\/\\\/3belazirc.hu\\\/wp\\\/nyari-szakmai-gyakorlat-rac-csenge\\\/\"]}]},{\"@type\":\"BreadcrumbList\",\"@id\":\"https:\\\/\\\/3belazirc.hu\\\/wp\\\/nyari-szakmai-gyakorlat-rac-csenge\\\/#breadcrumb\",\"itemListElement\":[{\"@type\":\"ListItem\",\"position\":1,\"name\":\"Home\",\"item\":\"https:\\\/\\\/3belazirc.hu\\\/wp\\\/\"},{\"@type\":\"ListItem\",\"position\":2,\"name\":\"Ny\u00e1ri szakmai gyakorlat &#8211; R\u00e1c Csenge\"}]},{\"@type\":\"WebSite\",\"@id\":\"https:\\\/\\\/3belazirc.hu\\\/wp\\\/#website\",\"url\":\"https:\\\/\\\/3belazirc.hu\\\/wp\\\/\",\"name\":\"III. B\u00e9la Gimn\u00e1zium, M\u0171v\u00e9szeti Szakgimn\u00e1zium \u00e9s AMI\",\"description\":\"8420, Zirc K\u00f6zt\u00e1rsas\u00e1g utca 9. | tel: 88\\\/414-449 | mobil: 06-30-811-3176 | email: 3bela@bela-zirc.edu.hu | www.facebook.com\\\/iiibelazirc www.facebook.com\\\/zircizeneiskola\",\"potentialAction\":[{\"@type\":\"SearchAction\",\"target\":{\"@type\":\"EntryPoint\",\"urlTemplate\":\"https:\\\/\\\/3belazirc.hu\\\/wp\\\/?s={search_term_string}\"},\"query-input\":{\"@type\":\"PropertyValueSpecification\",\"valueRequired\":true,\"valueName\":\"search_term_string\"}}],\"inLanguage\":\"hu\"}]}<\/script>\n<!-- \/ Yoast SEO plugin. -->","yoast_head_json":{"title":"Ny\u00e1ri szakmai gyakorlat - R\u00e1c Csenge - III. B\u00e9la Gimn\u00e1zium, M\u0171v\u00e9szeti Szakgimn\u00e1zium \u00e9s Alapfok\u00fa M\u0171v\u00e9szeti Iskola","robots":{"index":"index","follow":"follow","max-snippet":"max-snippet:-1","max-image-preview":"max-image-preview:large","max-video-preview":"max-video-preview:-1"},"canonical":"https:\/\/3belazirc.hu\/wp\/nyari-szakmai-gyakorlat-rac-csenge\/","og_locale":"hu_HU","og_type":"article","og_title":"Ny\u00e1ri szakmai gyakorlat - R\u00e1c Csenge - III. B\u00e9la Gimn\u00e1zium, M\u0171v\u00e9szeti Szakgimn\u00e1zium \u00e9s Alapfok\u00fa M\u0171v\u00e9szeti Iskola","og_url":"https:\/\/3belazirc.hu\/wp\/nyari-szakmai-gyakorlat-rac-csenge\/","og_site_name":"III. B\u00e9la Gimn\u00e1zium, M\u0171v\u00e9szeti Szakgimn\u00e1zium \u00e9s Alapfok\u00fa M\u0171v\u00e9szeti Iskola","article_publisher":"https:\/\/www.facebook.com\/3belazirc\/","twitter_card":"summary_large_image","twitter_misc":{"Becs\u00fclt olvas\u00e1si id\u0151":"1 perc"},"schema":{"@context":"https:\/\/schema.org","@graph":[{"@type":"WebPage","@id":"https:\/\/3belazirc.hu\/wp\/nyari-szakmai-gyakorlat-rac-csenge\/","url":"https:\/\/3belazirc.hu\/wp\/nyari-szakmai-gyakorlat-rac-csenge\/","name":"Ny\u00e1ri szakmai gyakorlat - R\u00e1c Csenge - III. B\u00e9la Gimn\u00e1zium, M\u0171v\u00e9szeti Szakgimn\u00e1zium \u00e9s Alapfok\u00fa M\u0171v\u00e9szeti Iskola","isPartOf":{"@id":"https:\/\/3belazirc.hu\/wp\/#website"},"datePublished":"2021-06-09T06:08:44+00:00","breadcrumb":{"@id":"https:\/\/3belazirc.hu\/wp\/nyari-szakmai-gyakorlat-rac-csenge\/#breadcrumb"},"inLanguage":"hu","potentialAction":[{"@type":"ReadAction","target":["https:\/\/3belazirc.hu\/wp\/nyari-szakmai-gyakorlat-rac-csenge\/"]}]},{"@type":"BreadcrumbList","@id":"https:\/\/3belazirc.hu\/wp\/nyari-szakmai-gyakorlat-rac-csenge\/#breadcrumb","itemListElement":[{"@type":"ListItem","position":1,"name":"Home","item":"https:\/\/3belazirc.hu\/wp\/"},{"@type":"ListItem","position":2,"name":"Ny\u00e1ri szakmai gyakorlat &#8211; R\u00e1c Csenge"}]},{"@type":"WebSite","@id":"https:\/\/3belazirc.hu\/wp\/#website","url":"https:\/\/3belazirc.hu\/wp\/","name":"III. B\u00e9la Gimn\u00e1zium, M\u0171v\u00e9szeti Szakgimn\u00e1zium \u00e9s AMI","description":"8420, Zirc K\u00f6zt\u00e1rsas\u00e1g utca 9. | tel: 88\/414-449 | mobil: 06-30-811-3176 | email: 3bela@bela-zirc.edu.hu | www.facebook.com\/iiibelazirc www.facebook.com\/zircizeneiskola","potentialAction":[{"@type":"SearchAction","target":{"@type":"EntryPoint","urlTemplate":"https:\/\/3belazirc.hu\/wp\/?s={search_term_string}"},"query-input":{"@type":"PropertyValueSpecification","valueRequired":true,"valueName":"search_term_string"}}],"inLanguage":"hu"}]}},"publishpress_future_action":{"enabled":false,"date":"2026-05-03 08:46:21","action":"change-status","newStatus":"draft","terms":[],"taxonomy":"","extraData":[]},"publishpress_future_workflow_manual_trigger":{"enabledWorkflows":[]},"_links":{"self":[{"href":"https:\/\/3belazirc.hu\/wp\/wp-json\/wp\/v2\/pages\/8136","targetHints":{"allow":["GET"]}}],"collection":[{"href":"https:\/\/3belazirc.hu\/wp\/wp-json\/wp\/v2\/pages"}],"about":[{"href":"https:\/\/3belazirc.hu\/wp\/wp-json\/wp\/v2\/types\/page"}],"author":[{"embeddable":true,"href":"https:\/\/3belazirc.hu\/wp\/wp-json\/wp\/v2\/users\/1"}],"replies":[{"embeddable":true,"href":"https:\/\/3belazirc.hu\/wp\/wp-json\/wp\/v2\/comments?post=8136"}],"version-history":[{"count":1,"href":"https:\/\/3belazirc.hu\/wp\/wp-json\/wp\/v2\/pages\/8136\/revisions"}],"predecessor-version":[{"id":8137,"href":"https:\/\/3belazirc.hu\/wp\/wp-json\/wp\/v2\/pages\/8136\/revisions\/8137"}],"wp:attachment":[{"href":"https:\/\/3belazirc.hu\/wp\/wp-json\/wp\/v2\/media?parent=8136"}],"curies":[{"name":"wp","href":"https:\/\/api.w.org\/{rel}","templated":true}]}}